{"id":9981,"date":"2024-08-17T01:16:54","date_gmt":"2024-08-17T01:16:54","guid":{"rendered":"http:\/\/demo.bravisthemes.com\/herrington\/?page_id=9981"},"modified":"2026-04-12T00:28:25","modified_gmt":"2026-04-12T00:28:25","slug":"sirket-degerlemesi","status":"publish","type":"page","link":"https:\/\/bosphorusadvisory.com\/tr\/sirket-degerlemesi\/","title":{"rendered":"\u015eirket De\u011ferlemesi"},"content":{"rendered":"\t\t<div data-elementor-type=\"wp-page\" data-elementor-id=\"9981\" class=\"elementor elementor-9981\">\n\t\t\t\t        <section class=\"elementor-section elementor-top-section elementor-element elementor-element-73b7471 elementor-section-full_width elementor-section-stretched elementor-section-height-default elementor-section-height-default pxl-row-scroll-none pxl-zoom-point-false pxl-section-overflow-visible pxl-full-content-with-space-none\" data-id=\"73b7471\" data-element_type=\"section\" data-settings=\"{&quot;stretch_section&quot;:&quot;section-stretched&quot;}\">\n\n                \n                <div class=\"elementor-container elementor-column-gap-extended \">\n                <div class=\"elementor-column elementor-col-50 elementor-top-column elementor-element elementor-element-1aa7e7c pxl-column-none pxl-column-overflow-hidden-no\" data-id=\"1aa7e7c\" data-element_type=\"column\">\r\n        <div class=\"elementor-widget-wrap elementor-element-populated\">\r\n                     \r\n        \t\t<div class=\"elementor-element elementor-element-06bc58e elementor-widget elementor-widget-pxl_image\" data-id=\"06bc58e\" data-element_type=\"widget\" data-widget_type=\"pxl_image.default\">\n\t\t\t\t<div class=\"elementor-widget-container\">\n\t\t\t\t\t<div id=\"pxl_image-06bc58e-1482\" class=\"pxl-image-single block-blur pxl-disable-parallax-sm pxl-hide-sr-lg  \" data-wow-delay=\"ms\"  >\r\n    <div class=\"pxl-item--inner\" data-wow-delay=\"120ms\">\r\n        \r\n                    <div class=\"pxl-item--bg bg-image block-blur\" style=\"background-image: url(https:\/\/bosphorusadvisory.com\/tr\/wp-content\/uploads\/2026\/02\/Adsiz-tasarim-3.jpg);\">\r\n                                    <div class=\"wrap-block\">\r\n                                                    <span class=\"block wow zoomIn\"><\/span>\r\n                            <span class=\"block wow zoomIn\"><\/span>\r\n                                                                                                                    <\/div>\r\n                            <\/div>\r\n                \r\n    <\/div>\r\n<\/div>\t\t\t\t<\/div>\n\t\t\t\t<\/div>\n\t\t            <\/div>\r\n        <\/div>\r\n                <div class=\"elementor-column elementor-col-50 elementor-top-column elementor-element elementor-element-c38cc0a pxl-column-none pxl-column-overflow-hidden-no\" data-id=\"c38cc0a\" data-element_type=\"column\">\r\n        <div class=\"elementor-widget-wrap elementor-element-populated\">\r\n                     \r\n        \t\t<div class=\"elementor-element elementor-element-96495c5 elementor-widget elementor-widget-spacer\" data-id=\"96495c5\" data-element_type=\"widget\" data-widget_type=\"spacer.default\">\n\t\t\t\t\t\t\t<div class=\"elementor-spacer\">\n\t\t\t<div class=\"elementor-spacer-inner\"><\/div>\n\t\t<\/div>\n\t\t\t\t\t\t<\/div>\n\t\t\t\t<div class=\"elementor-element elementor-element-a8fb50e ft-gt elementor-widget elementor-widget-pxl_heading\" data-id=\"a8fb50e\" data-element_type=\"widget\" data-widget_type=\"pxl_heading.default\">\n\t\t\t\t<div class=\"elementor-widget-container\">\n\t\t\t\t\t\n<div id=\"pxl-pxl_heading-a8fb50e-8977\" class=\"pxl-heading px-sub-title-default-style \">\n\t<div class=\"pxl-heading--inner\">\n\t\t\n\t\t<h3 class=\"pxl-item--title style-default  highlight-default pxl-split-text split-in-fade\" data-wow-delay=\"ms\">\n\t\t\t\t\t\t\t\u015eirket De\u011ferlemesi\t\n\t\t\t\t\n\t\t<\/h3>\n\t\t\n\t<\/div>\n<\/div>\t\t\t\t<\/div>\n\t\t\t\t<\/div>\n\t\t\t\t<div class=\"elementor-element elementor-element-af4eb98 elementor-widget elementor-widget-pxl_text_editor\" data-id=\"af4eb98\" data-element_type=\"widget\" data-widget_type=\"pxl_text_editor.default\">\n\t\t\t\t<div class=\"elementor-widget-container\">\n\t\t\t\t\t<div class=\"pxl-text-editor\">\n\t<div class=\"pxl-item--inner  \" data-wow-delay=\"ms\">\n\t\t<p><span style=\"font-weight: 400\">\u015eirket de\u011ferlemesi, bizim i\u00e7in sadece ba\u011f\u0131ms\u0131z bir faaliyet alan\u0131 de\u011fil, ayn\u0131 zamanda yeniden yap\u0131land\u0131rma, finansal stratejiler geli\u015ftirme ve e\u015fle\u015ftirme gibi di\u011fer hizmetlerimiz i\u00e7in de vazge\u00e7ilmez bir unsurdur.<\/span><\/p><p><span style=\"font-weight: 400\">\u015eirket de\u011ferlemesinin kapsam\u0131 \u015funlar\u0131 i\u00e7erir:<\/span><\/p><ul><li style=\"font-weight: 400\"><span style=\"font-weight: 400\">Genel i\u015fletme de\u011ferlemesi<\/span><\/li><li style=\"font-weight: 400\"><span style=\"font-weight: 400\">\u00d6z sermaye de\u011ferlemesi<\/span><\/li><li style=\"font-weight: 400\"><span style=\"font-weight: 400\">Varl\u0131k bazl\u0131 de\u011ferleme<\/span><\/li><li style=\"font-weight: 400\"><span style=\"font-weight: 400\">Birle\u015fme ve devralmalar i\u00e7in de\u011ferleme<\/span><\/li><li style=\"font-weight: 400\"><span style=\"font-weight: 400\">Hissedar anla\u015fmazl\u0131klar\u0131 i\u00e7in de\u011ferleme<\/span><\/li><\/ul><p><span style=\"font-weight: 400\">De\u011ferleme s\u00fcreci, bir i\u015fletmeyi sadece finansal a\u00e7\u0131dan de\u011fil, ayn\u0131 zamanda sekt\u00f6rel, operasyonel ve y\u00f6neti\u015fimsel a\u00e7\u0131lardan da de\u011ferlendirir. Bu nedenle, bir i\u015fletmenin de\u011ferini etkileyen fakt\u00f6rler b\u00fct\u00fcnsel bir \u015fekilde belirlenir.<\/span><\/p>\t\t\n\t<\/div>\n<\/div>\t\t\t\t<\/div>\n\t\t\t\t<\/div>\n\t\t            <\/div>\r\n        <\/div>\r\n        \t\t\t<\/div>\n\t\t<\/section>\n\t\t\t\t<\/div>\n\t\t","protected":false},"excerpt":{"rendered":"<p>\u015eirket De\u011ferlemesi \u015eirket de\u011ferlemesi, bizim i\u00e7in sadece ba\u011f\u0131ms\u0131z bir faaliyet alan\u0131 de\u011fil, ayn\u0131 zamanda yeniden yap\u0131land\u0131rma, finansal stratejiler geli\u015ftirme ve e\u015fle\u015ftirme gibi di\u011fer hizmetlerimiz i\u00e7in de vazge\u00e7ilmez bir unsurdur. \u015eirket de\u011ferlemesinin kapsam\u0131 \u015funlar\u0131 i\u00e7erir: Genel i\u015fletme de\u011ferlemesi \u00d6z sermaye de\u011ferlemesi Varl\u0131k bazl\u0131 de\u011ferleme Birle\u015fme ve devralmalar i\u00e7in de\u011ferleme Hissedar anla\u015fmazl\u0131klar\u0131 i\u00e7in de\u011ferleme De\u011ferleme s\u00fcreci, bir [&hellip;]<\/p>\n","protected":false},"author":1,"featured_media":0,"parent":0,"menu_order":0,"comment_status":"closed","ping_status":"closed","template":"","meta":{"footnotes":""},"class_list":["post-9981","page","type-page","status-publish","hentry"],"_links":{"self":[{"href":"https:\/\/bosphorusadvisory.com\/tr\/wp-json\/wp\/v2\/pages\/9981","targetHints":{"allow":["GET"]}}],"collection":[{"href":"https:\/\/bosphorusadvisory.com\/tr\/wp-json\/wp\/v2\/pages"}],"about":[{"href":"https:\/\/bosphorusadvisory.com\/tr\/wp-json\/wp\/v2\/types\/page"}],"author":[{"embeddable":true,"href":"https:\/\/bosphorusadvisory.com\/tr\/wp-json\/wp\/v2\/users\/1"}],"replies":[{"embeddable":true,"href":"https:\/\/bosphorusadvisory.com\/tr\/wp-json\/wp\/v2\/comments?post=9981"}],"version-history":[{"count":77,"href":"https:\/\/bosphorusadvisory.com\/tr\/wp-json\/wp\/v2\/pages\/9981\/revisions"}],"predecessor-version":[{"id":22114,"href":"https:\/\/bosphorusadvisory.com\/tr\/wp-json\/wp\/v2\/pages\/9981\/revisions\/22114"}],"wp:attachment":[{"href":"https:\/\/bosphorusadvisory.com\/tr\/wp-json\/wp\/v2\/media?parent=9981"}],"curies":[{"name":"wp","href":"https:\/\/api.w.org\/{rel}","templated":true}]}}