{"id":9910,"date":"2024-08-13T17:19:21","date_gmt":"2024-08-13T17:19:21","guid":{"rendered":"http:\/\/demo.bravisthemes.com\/herrington\/?page_id=9910"},"modified":"2026-04-12T00:28:09","modified_gmt":"2026-04-12T00:28:09","slug":"finansal-strateji","status":"publish","type":"page","link":"https:\/\/bosphorusadvisory.com\/tr\/finansal-strateji\/","title":{"rendered":"Finansal Strateji"},"content":{"rendered":"\t\t<div data-elementor-type=\"wp-page\" data-elementor-id=\"9910\" class=\"elementor elementor-9910\">\n\t\t\t\t        <section class=\"elementor-section elementor-top-section elementor-element elementor-element-6e3fd49 elementor-section-full_width elementor-section-stretched elementor-section-height-default elementor-section-height-default pxl-row-scroll-none pxl-zoom-point-false pxl-section-overflow-visible pxl-full-content-with-space-none\" data-id=\"6e3fd49\" data-element_type=\"section\" data-settings=\"{&quot;stretch_section&quot;:&quot;section-stretched&quot;}\">\n\n                \n                <div class=\"elementor-container elementor-column-gap-extended \">\n                <div class=\"elementor-column elementor-col-50 elementor-top-column elementor-element elementor-element-21f7d68 pxl-column-none pxl-column-overflow-hidden-no\" data-id=\"21f7d68\" data-element_type=\"column\">\r\n        <div class=\"elementor-widget-wrap elementor-element-populated\">\r\n                     \r\n        \t\t<div class=\"elementor-element elementor-element-96e5264 elementor-widget elementor-widget-pxl_image\" data-id=\"96e5264\" data-element_type=\"widget\" data-widget_type=\"pxl_image.default\">\n\t\t\t\t<div class=\"elementor-widget-container\">\n\t\t\t\t\t<div id=\"pxl_image-96e5264-7905\" class=\"pxl-image-single block-blur pxl-disable-parallax-sm pxl-hide-sr-lg  \" data-wow-delay=\"ms\"  >\r\n    <div class=\"pxl-item--inner\" data-wow-delay=\"120ms\">\r\n        \r\n                    <div class=\"pxl-item--bg bg-image block-blur\" style=\"background-image: url(https:\/\/bosphorusadvisory.com\/tr\/wp-content\/uploads\/2026\/02\/Adsiz-tasarim-2-1.jpg);\">\r\n                                    <div class=\"wrap-block\">\r\n                                                    <span class=\"block wow zoomIn\"><\/span>\r\n                            <span class=\"block wow zoomIn\"><\/span>\r\n                                                                                                                    <\/div>\r\n                            <\/div>\r\n                \r\n    <\/div>\r\n<\/div>\t\t\t\t<\/div>\n\t\t\t\t<\/div>\n\t\t            <\/div>\r\n        <\/div>\r\n                <div class=\"elementor-column elementor-col-50 elementor-top-column elementor-element elementor-element-f45cac1 pxl-column-none pxl-column-overflow-hidden-no\" data-id=\"f45cac1\" data-element_type=\"column\">\r\n        <div class=\"elementor-widget-wrap elementor-element-populated\">\r\n                     \r\n        \t\t<div class=\"elementor-element elementor-element-a3ecec0 ft-gt elementor-widget elementor-widget-pxl_heading\" data-id=\"a3ecec0\" data-element_type=\"widget\" data-widget_type=\"pxl_heading.default\">\n\t\t\t\t<div class=\"elementor-widget-container\">\n\t\t\t\t\t\n<div id=\"pxl-pxl_heading-a3ecec0-6486\" class=\"pxl-heading px-sub-title-default-style \">\n\t<div class=\"pxl-heading--inner\">\n\t\t\n\t\t<h3 class=\"pxl-item--title style-default  highlight-default pxl-split-text split-in-fade\" data-wow-delay=\"ms\">\n\t\t\t\t\t\t\tFinansal Strateji\t\n\t\t\t\t\n\t\t<\/h3>\n\t\t\n\t<\/div>\n<\/div>\t\t\t\t<\/div>\n\t\t\t\t<\/div>\n\t\t\t\t<div class=\"elementor-element elementor-element-7fe807c elementor-widget elementor-widget-pxl_text_editor\" data-id=\"7fe807c\" data-element_type=\"widget\" data-widget_type=\"pxl_text_editor.default\">\n\t\t\t\t<div class=\"elementor-widget-container\">\n\t\t\t\t\t<div class=\"pxl-text-editor\">\n\t<div class=\"pxl-item--inner  \" data-wow-delay=\"ms\">\n\t\t<p><span style=\"font-weight: 400\">Finansal strateji dan\u0131\u015fmanl\u0131\u011f\u0131, bir i\u015fletmenin hedeflerine ula\u015fmak i\u00e7in finansal kaynaklar\u0131n\u0131 nas\u0131l y\u00f6netece\u011fine dair yol g\u00f6steren yap\u0131land\u0131r\u0131lm\u0131\u015f bir \u00e7er\u00e7eve sunmaktad\u0131r. Finansal strateji geli\u015ftirme, finansman yeniden yap\u0131land\u0131rmas\u0131na k\u0131yasla daha kapsaml\u0131 bir dan\u0131\u015fmanl\u0131k faaliyetidir; \u00e7\u00fcnk\u00fc yeniden yap\u0131land\u0131rma genellikle finansal bask\u0131 alt\u0131ndaki i\u015fletmeler i\u00e7in nispeten k\u0131sa vadeli \u00e7\u00f6z\u00fcmler \u00fcretmeye odaklan\u0131rken, finansal strateji do\u011frudan i\u015fletmelerin sa\u011fl\u0131kl\u0131 b\u00fcy\u00fcmesini ve s\u00fcrd\u00fcr\u00fclebilirli\u011fini sa\u011flamak i\u00e7in uzun vadeli hedeflere odaklanmaktad\u0131r.<\/span><\/p><p><span style=\"font-weight: 400\">Finansal strateji operasyonlar\u0131m\u0131z, sekt\u00f6rel analiz, fizibilite \u00e7al\u0131\u015fmalar\u0131, de\u011ferleme, nakit ak\u0131\u015f\u0131 ve risk y\u00f6netimi, finansman ile yat\u0131r\u0131m gibi bir\u00e7ok ba\u015fl\u0131\u011f\u0131 kapsamaktad\u0131r.<\/span><\/p>\t\t\n\t<\/div>\n<\/div>\t\t\t\t<\/div>\n\t\t\t\t<\/div>\n\t\t            <\/div>\r\n        <\/div>\r\n        \t\t\t<\/div>\n\t\t<\/section>\n\t\t        <section class=\"elementor-section elementor-top-section elementor-element elementor-element-01e4e52 elementor-section-full_width elementor-section-stretched elementor-section-height-default elementor-section-height-default pxl-row-scroll-none pxl-zoom-point-false pxl-section-overflow-visible pxl-full-content-with-space-none\" data-id=\"01e4e52\" data-element_type=\"section\" data-settings=\"{&quot;stretch_section&quot;:&quot;section-stretched&quot;}\">\n\n                \n                <div class=\"elementor-container elementor-column-gap-extended \">\n                <div class=\"elementor-column elementor-col-100 elementor-top-column elementor-element elementor-element-29ae4fc pxl-column-none pxl-column-overflow-hidden-no\" data-id=\"29ae4fc\" data-element_type=\"column\">\r\n        <div class=\"elementor-widget-wrap elementor-element-populated\">\r\n                     \r\n        \t\t<div class=\"elementor-element elementor-element-fd07cba elementor-widget elementor-widget-pxl_text_editor\" data-id=\"fd07cba\" data-element_type=\"widget\" data-widget_type=\"pxl_text_editor.default\">\n\t\t\t\t<div class=\"elementor-widget-container\">\n\t\t\t\t\t<div class=\"pxl-text-editor\">\n\t<div class=\"pxl-item--inner  \" data-wow-delay=\"ms\">\n\t\t<p><strong>Finansal strateji, a\u015fa\u011f\u0131daki temel sorulara cevap vermeyi ama\u00e7lamaktad\u0131r:<\/strong><\/p><ul><li style=\"font-weight: 400\"><span style=\"font-weight: 400\">\u0130\u015fletme faaliyetleri i\u00e7in do\u011fru finansman\u0131 nas\u0131l sa\u011flayacak?<\/span><\/li><li style=\"font-weight: 400\"><span style=\"font-weight: 400\">Sermayeyi nas\u0131l verimli bir \u015fekilde tahsis edecek?<\/span><\/li><li style=\"font-weight: 400\"><span style=\"font-weight: 400\">Etkin nakit y\u00f6netimini nas\u0131l ger\u00e7ekle\u015ftirecek?<\/span><\/li><li style=\"font-weight: 400\"><span style=\"font-weight: 400\">Finansal riskler ve belirsizliklerle nas\u0131l ba\u015fa \u00e7\u0131kacak?<\/span><\/li><li style=\"font-weight: 400\"><span style=\"font-weight: 400\">Finansal planlama, b\u00fct\u00e7eleme ve tahminleme nas\u0131l yap\u0131lacak?<\/span><\/li><\/ul>\t\t\n\t<\/div>\n<\/div>\t\t\t\t<\/div>\n\t\t\t\t<\/div>\n\t\t\t\t<div class=\"elementor-element elementor-element-0ca9131 elementor-widget elementor-widget-pxl_text_editor\" data-id=\"0ca9131\" data-element_type=\"widget\" data-widget_type=\"pxl_text_editor.default\">\n\t\t\t\t<div class=\"elementor-widget-container\">\n\t\t\t\t\t<div class=\"pxl-text-editor\">\n\t<div class=\"pxl-item--inner  \" data-wow-delay=\"ms\">\n\t\t<p><span style=\"font-weight: 400\">Bu sorulara cevap verme s\u00fcrecinde a\u015fa\u011f\u0131daki hizmetleri sunuyoruz:<\/span><\/p><p><strong>Finansal Tan\u0131lama ve De\u011ferlendirmeler<\/strong><\/p><ul><li style=\"font-weight: 400\"><span style=\"font-weight: 400\">Tablolar\u0131n incelenmesi (gelir, nakit ak\u0131\u015f\u0131, bilan\u00e7o)<\/span><\/li><li style=\"font-weight: 400\"><span style=\"font-weight: 400\">\u0130\u015fletme sermayesinin de\u011ferlendirilmesi<\/span><\/li><li style=\"font-weight: 400\"><span style=\"font-weight: 400\">Ba\u015faba\u015f noktas\u0131 analizi<\/span><\/li><li style=\"font-weight: 400\"><span style=\"font-weight: 400\">Likidite ve \u00f6deme g\u00fcc\u00fc analizi<\/span><\/li><li style=\"font-weight: 400\"><span style=\"font-weight: 400\">Maliyet yap\u0131s\u0131 incelemesi<\/span><\/li><li style=\"font-weight: 400\"><span style=\"font-weight: 400\">Stratejik finansal planlama<\/span><\/li><\/ul><p><strong>Orta ve Uzun Vadeli Finansal Hedefler<\/strong><\/p><ul><li style=\"font-weight: 400\"><span style=\"font-weight: 400\">Sermaye tahsisi planlamas\u0131<\/span><\/li><li style=\"font-weight: 400\"><span style=\"font-weight: 400\">K\u00e2rl\u0131l\u0131k modellemesi<\/span><\/li><li style=\"font-weight: 400\"><span style=\"font-weight: 400\">Yat\u0131r\u0131m planlamas\u0131<\/span><\/li><\/ul><p><strong>Nakit Ak\u0131\u015f\u0131 Optimizasyonu<\/strong><\/p><ul><li style=\"font-weight: 400\"><span style=\"font-weight: 400\">Nakit ak\u0131\u015f\u0131 tahmini<\/span><\/li><li style=\"font-weight: 400\"><span style=\"font-weight: 400\">Nakit y\u00f6netimi politikalar\u0131<\/span><\/li><li style=\"font-weight: 400\"><span style=\"font-weight: 400\">Alacak ve bor\u00e7 optimizasyonu<\/span><\/li><li style=\"font-weight: 400\"><span style=\"font-weight: 400\">Stok ve operasyonel verimlilik iyile\u015ftirmeleri<\/span><\/li><\/ul><p><strong>Fonlama &amp; Sermaye Art\u0131r\u0131m\u0131 <\/strong><\/p><ul><li style=\"font-weight: 400\"><span style=\"font-weight: 400\">Fonlama haz\u0131rl\u0131\u011f\u0131 de\u011ferlendirmeleri<\/span><\/li><li style=\"font-weight: 400\"><span style=\"font-weight: 400\">Yeniden yap\u0131land\u0131rma<\/span><\/li><li style=\"font-weight: 400\"><span style=\"font-weight: 400\">\u00d6z sermaye finansman\u0131 stratejileri<\/span><\/li><li style=\"font-weight: 400\"><span style=\"font-weight: 400\">Yat\u0131r\u0131mc\u0131 sunumu haz\u0131rl\u0131\u011f\u0131<\/span><\/li><\/ul><p><strong>B\u00fct\u00e7eleme &amp; Tahmin<\/strong><\/p><ul><li style=\"font-weight: 400\"><span style=\"font-weight: 400\">S\u0131f\u0131r tabanl\u0131 b\u00fct\u00e7eleme<\/span><\/li><li style=\"font-weight: 400\"><span style=\"font-weight: 400\">S\u00fcrekli tahminler<\/span><\/li><li style=\"font-weight: 400\"><span style=\"font-weight: 400\">Senaryo planlamas\u0131<\/span><\/li><li style=\"font-weight: 400\"><span style=\"font-weight: 400\">KPI geli\u015ftirme<\/span><\/li><\/ul><p><strong>Risk Y\u00f6netimi &amp; Uyumluluk<\/strong><\/p><ul><li style=\"font-weight: 400\"><span style=\"font-weight: 400\">Finansal risk de\u011ferlendirmesi<\/span><\/li><li style=\"font-weight: 400\"><span style=\"font-weight: 400\">\u0130\u00e7 kontrollerin kurulmas\u0131<\/span><\/li><li style=\"font-weight: 400\"><span style=\"font-weight: 400\">Doland\u0131r\u0131c\u0131l\u0131k \u00f6nleme politikalar\u0131<\/span><\/li><li style=\"font-weight: 400\"><span style=\"font-weight: 400\">Yerel d\u00fczenlemelere uyum<\/span><\/li><\/ul><p><strong>B\u00fcy\u00fcme &amp; Geni\u015fleme Stratejisi<\/strong><\/p><ul><li style=\"font-weight: 400\"><span style=\"font-weight: 400\">Finansal \u00f6l\u00e7eklendirme yol haritas\u0131<\/span><\/li><li style=\"font-weight: 400\"><span style=\"font-weight: 400\">Fiyatland\u0131rma stratejisi<\/span><\/li><li style=\"font-weight: 400\"><span style=\"font-weight: 400\">Pazara giri\u015f finansal modellemesi<\/span><\/li><li style=\"font-weight: 400\"><span style=\"font-weight: 400\">Birle\u015fme ve devralma dan\u0131\u015fmanl\u0131\u011f\u0131<\/span><\/li><\/ul>\t\t\n\t<\/div>\n<\/div>\t\t\t\t<\/div>\n\t\t\t\t<\/div>\n\t\t            <\/div>\r\n        <\/div>\r\n        \t\t\t<\/div>\n\t\t<\/section>\n\t\t        <section class=\"elementor-section elementor-top-section elementor-element elementor-element-4353598 elementor-section-stretched elementor-section-full_width elementor-section-height-default elementor-section-height-default pxl-row-scroll-none pxl-zoom-point-false pxl-section-overflow-visible pxl-full-content-with-space-none\" data-id=\"4353598\" data-element_type=\"section\" data-settings=\"{&quot;stretch_section&quot;:&quot;section-stretched&quot;,&quot;background_background&quot;:&quot;classic&quot;}\">\n\n                \n                <div class=\"elementor-container elementor-column-gap-extended \">\n                <div class=\"elementor-column elementor-col-50 elementor-top-column elementor-element elementor-element-34cf776 pxl-column-none pxl-column-overflow-hidden-no\" data-id=\"34cf776\" data-element_type=\"column\">\r\n        <div class=\"elementor-widget-wrap elementor-element-populated\">\r\n                     \r\n        \t\t<div class=\"elementor-element elementor-element-41b8786 elementor-widget elementor-widget-pxl_text_editor\" data-id=\"41b8786\" data-element_type=\"widget\" data-widget_type=\"pxl_text_editor.default\">\n\t\t\t\t<div class=\"elementor-widget-container\">\n\t\t\t\t\t<div class=\"pxl-text-editor\">\n\t<div class=\"pxl-item--inner  ft-gt\" data-wow-delay=\"ms\">\n\t\t\t\t\n\t<\/div>\n<\/div>\t\t\t\t<\/div>\n\t\t\t\t<\/div>\n\t\t\t\t<div class=\"elementor-element elementor-element-2fbfba4 elementor-widget elementor-widget-pxl_text_editor\" data-id=\"2fbfba4\" data-element_type=\"widget\" data-widget_type=\"pxl_text_editor.default\">\n\t\t\t\t<div class=\"elementor-widget-container\">\n\t\t\t\t\t<div class=\"pxl-text-editor\">\n\t<div class=\"pxl-item--inner  \" data-wow-delay=\"ms\">\n\t\t<p><span style=\"font-weight: 400\">Yukar\u0131daki hizmetlerimize ek olarak, uzmanla\u015ft\u0131\u011f\u0131m\u0131z bir alan da &#8220;sermaye yap\u0131s\u0131 d\u00f6n\u00fc\u015f\u00fcm\u00fc&#8221; hizmetleridir. Kat\u0131l\u0131m finans kapsam\u0131nda, bir i\u015fletmenin \u00f6z sermayesinin ve borcunun da\u011f\u0131l\u0131m\u0131 olarak tan\u0131mlanabilen sermaye yap\u0131s\u0131, s\u00f6z konusu i\u015fletmenin bor\u00e7 ve \u00f6z sermaye bile\u015fiminin ve mali tablolar\u0131n\u0131n kat\u0131l\u0131m finans esaslar\u0131na uygunlu\u011funu kapsamaktad\u0131r.<\/span><\/p><p><span style=\"font-weight: 400\">Bir i\u015fletmenin mali tablolar\u0131n\u0131 konvansiyonel esasl\u0131dan kat\u0131l\u0131m esasl\u0131 bir yap\u0131ya d\u00f6n\u00fc\u015ft\u00fcrmek istemesinin bir\u00e7ok \u00f6nemli nedeni vard\u0131r. Bunlardan baz\u0131lar\u0131 a\u015fa\u011f\u0131da \u00f6zetlenmektedir:<\/span><\/p>\t\t\n\t<\/div>\n<\/div>\t\t\t\t<\/div>\n\t\t\t\t<\/div>\n\t\t\t\t<div class=\"elementor-element elementor-element-5e15f8d elementor-widget elementor-widget-pxl_icon_box\" data-id=\"5e15f8d\" data-element_type=\"widget\" data-widget_type=\"pxl_icon_box.default\">\n\t\t\t\t<div class=\"elementor-widget-container\">\n\t\t\t\t\t<div class=\"pxl-icon-box pxl-icon-box1 style-2 ani3 \" data-wow-delay=\"ms\">\r\n    <div class=\"pxl-item--inner\">\r\n        \r\n                            <div class=\"pxl-item--meta\">\r\n            <h5 class=\"pxl-item--title el-empty\">\r\n                                                <\/h5>\r\n            <div class=\"pxl-item--description el-empty\"><h4 style=\"color: ##020101; font-weight: 60;\">\n \u2022\t Artan Fark\u0131ndal\u0131k\n<\/h2>\n\u0130\u015fletme d\u00fczeyinde kat\u0131l\u0131m finans sistemine y\u00f6nelik alg\u0131 ve fark\u0131ndal\u0131k daki de\u011fi\u015fim ile aile i\u015fletmelerinde gen\u00e7 nesillerin y\u00f6netim pozisyonlar\u0131n\u0131 \u00fcstlenmesi, s\u00f6z konusu i\u015fletmelerin finansal yap\u0131lar\u0131n\u0131 kat\u0131l\u0131m esasl\u0131 \u00e7\u00f6z\u00fcmlere uyarlamalar\u0131 y\u00f6n\u00fcnde bir e\u011filime yol a\u00e7maktad\u0131r.<\/div>\r\n        <\/div>\r\n    <\/div>\r\n<\/div>\t\t\t\t<\/div>\n\t\t\t\t<\/div>\n\t\t\t\t<div class=\"elementor-element elementor-element-6c834a8 elementor-widget elementor-widget-pxl_icon_box\" data-id=\"6c834a8\" data-element_type=\"widget\" data-widget_type=\"pxl_icon_box.default\">\n\t\t\t\t<div class=\"elementor-widget-container\">\n\t\t\t\t\t<div class=\"pxl-icon-box pxl-icon-box1 style-2 ani3 \" data-wow-delay=\"ms\">\r\n    <div class=\"pxl-item--inner\">\r\n        \r\n                            <div class=\"pxl-item--meta\">\r\n            <h5 class=\"pxl-item--title el-empty\">\r\n                                                <\/h5>\r\n            <div class=\"pxl-item--description el-empty\"><h4 style=\"color: ##020101; font-weight: 60;\">\n  \u2022\tTalep Ko\u015fullar\u0131\n<\/h2>\n\u201cHelal de\u011fer zincirine\u201d daha fazla dahil olma, artan t\u00fcketici talepleri ve kat\u0131l\u0131m endeksine ili\u015fkin artan fark\u0131ndal\u0131k, i\u015fletmelerin finansal yap\u0131lar\u0131n\u0131 kat\u0131l\u0131m finans esaslar\u0131yla daha da uyumlu hale getirmelerine neden olmaktad\u0131r.<\/div>\r\n        <\/div>\r\n    <\/div>\r\n<\/div>\t\t\t\t<\/div>\n\t\t\t\t<\/div>\n\t\t\t\t<div class=\"elementor-element elementor-element-c12e3de elementor-widget elementor-widget-pxl_icon_box\" data-id=\"c12e3de\" data-element_type=\"widget\" data-widget_type=\"pxl_icon_box.default\">\n\t\t\t\t<div class=\"elementor-widget-container\">\n\t\t\t\t\t<div class=\"pxl-icon-box pxl-icon-box1 style-2 ani3 \" data-wow-delay=\"ms\">\r\n    <div class=\"pxl-item--inner\">\r\n        \r\n                            <div class=\"pxl-item--meta\">\r\n            <h5 class=\"pxl-item--title el-empty\">\r\n                                                <\/h5>\r\n            <div class=\"pxl-item--description el-empty\"><h4 style=\"color: ##020101; font-weight: 60;\">\n \u2022\tAlternatif Finansman\n<\/h2>\n\nKonvansiyonel bankac\u0131l\u0131\u011fa dayal\u0131 finansman \u00e7\u00f6z\u00fcmlerini kullanan i\u015fletmeler i\u00e7in, kat\u0131l\u0131m finans esaslar\u0131na uyumu sa\u011flamak bir \u00f6ncelik olmayabilir. Bununla birlikte, i\u015fletmelerin finansal yap\u0131lar\u0131n\u0131n kat\u0131l\u0131m finans esaslar\u0131na uyumu, sermaye piyasalar\u0131na, yurti\u00e7i alternatif finansman kaynaklar\u0131na (kitle fonlamas\u0131, risk sermayesi, B2B vb.) ve uluslararas\u0131 fonlara eri\u015fim a\u00e7\u0131s\u0131ndan giderek daha \u00f6nemli hale gelmektedir.<\/div>\r\n        <\/div>\r\n    <\/div>\r\n<\/div>\t\t\t\t<\/div>\n\t\t\t\t<\/div>\n\t\t            <\/div>\r\n        <\/div>\r\n                <div class=\"elementor-column elementor-col-50 elementor-top-column elementor-element elementor-element-e1670da pxl-column-none pxl-column-overflow-hidden-no\" data-id=\"e1670da\" data-element_type=\"column\" data-settings=\"{&quot;background_background&quot;:&quot;classic&quot;}\">\r\n        <div class=\"elementor-widget-wrap elementor-element-populated\">\r\n                     \r\n        \t\t<div class=\"elementor-element elementor-element-e6e0d76 elementor-widget__width-auto elementor-hidden-laptop elementor-hidden-tablet_extra elementor-hidden-tablet elementor-hidden-mobile elementor-widget-divider--view-line elementor-widget elementor-widget-divider\" data-id=\"e6e0d76\" data-element_type=\"widget\" data-widget_type=\"divider.default\">\n\t\t\t\t\t\t\t<div class=\"elementor-divider\">\n\t\t\t<span class=\"elementor-divider-separator\">\n\t\t\t\t\t\t<\/span>\n\t\t<\/div>\n\t\t\t\t\t\t<\/div>\n\t\t            <\/div>\r\n        <\/div>\r\n        \t\t\t<\/div>\n\t\t<\/section>\n\t\t\t\t<\/div>\n\t\t","protected":false},"excerpt":{"rendered":"<p>Finansal Strateji Finansal strateji dan\u0131\u015fmanl\u0131\u011f\u0131, bir i\u015fletmenin hedeflerine ula\u015fmak i\u00e7in finansal kaynaklar\u0131n\u0131 nas\u0131l y\u00f6netece\u011fine dair yol g\u00f6steren yap\u0131land\u0131r\u0131lm\u0131\u015f bir \u00e7er\u00e7eve sunmaktad\u0131r. Finansal strateji geli\u015ftirme, finansman yeniden yap\u0131land\u0131rmas\u0131na k\u0131yasla daha kapsaml\u0131 bir dan\u0131\u015fmanl\u0131k faaliyetidir; \u00e7\u00fcnk\u00fc yeniden yap\u0131land\u0131rma genellikle finansal bask\u0131 alt\u0131ndaki i\u015fletmeler i\u00e7in nispeten k\u0131sa vadeli \u00e7\u00f6z\u00fcmler \u00fcretmeye odaklan\u0131rken, finansal strateji do\u011frudan i\u015fletmelerin sa\u011fl\u0131kl\u0131 b\u00fcy\u00fcmesini ve [&hellip;]<\/p>\n","protected":false},"author":1,"featured_media":0,"parent":0,"menu_order":0,"comment_status":"closed","ping_status":"closed","template":"","meta":{"footnotes":""},"class_list":["post-9910","page","type-page","status-publish","hentry"],"_links":{"self":[{"href":"https:\/\/bosphorusadvisory.com\/tr\/wp-json\/wp\/v2\/pages\/9910","targetHints":{"allow":["GET"]}}],"collection":[{"href":"https:\/\/bosphorusadvisory.com\/tr\/wp-json\/wp\/v2\/pages"}],"about":[{"href":"https:\/\/bosphorusadvisory.com\/tr\/wp-json\/wp\/v2\/types\/page"}],"author":[{"embeddable":true,"href":"https:\/\/bosphorusadvisory.com\/tr\/wp-json\/wp\/v2\/users\/1"}],"replies":[{"embeddable":true,"href":"https:\/\/bosphorusadvisory.com\/tr\/wp-json\/wp\/v2\/comments?post=9910"}],"version-history":[{"count":116,"href":"https:\/\/bosphorusadvisory.com\/tr\/wp-json\/wp\/v2\/pages\/9910\/revisions"}],"predecessor-version":[{"id":22113,"href":"https:\/\/bosphorusadvisory.com\/tr\/wp-json\/wp\/v2\/pages\/9910\/revisions\/22113"}],"wp:attachment":[{"href":"https:\/\/bosphorusadvisory.com\/tr\/wp-json\/wp\/v2\/media?parent=9910"}],"curies":[{"name":"wp","href":"https:\/\/api.w.org\/{rel}","templated":true}]}}