{"id":20500,"date":"2026-02-18T12:21:07","date_gmt":"2026-02-18T12:21:07","guid":{"rendered":"https:\/\/advisor.ghdemo.com.tr\/?page_id=20500"},"modified":"2026-04-12T00:32:25","modified_gmt":"2026-04-12T00:32:25","slug":"dijitallesme-fintek","status":"publish","type":"page","link":"https:\/\/bosphorusadvisory.com\/tr\/dijitallesme-fintek\/","title":{"rendered":"Dijitalle\u015fme &#038; Fintek"},"content":{"rendered":"\t\t<div data-elementor-type=\"wp-page\" data-elementor-id=\"20500\" class=\"elementor elementor-20500\">\n\t\t\t\t        <section class=\"elementor-section elementor-top-section elementor-element elementor-element-00ca5ef elementor-section-full_width elementor-section-stretched elementor-section-height-default elementor-section-height-default pxl-row-scroll-none pxl-zoom-point-false pxl-section-overflow-visible pxl-full-content-with-space-none\" data-id=\"00ca5ef\" data-element_type=\"section\" data-settings=\"{&quot;stretch_section&quot;:&quot;section-stretched&quot;}\">\n\n                \n                <div class=\"elementor-container elementor-column-gap-extended \">\n                <div class=\"elementor-column elementor-col-50 elementor-top-column elementor-element elementor-element-5e3f754 pxl-column-none pxl-column-overflow-hidden-no\" data-id=\"5e3f754\" data-element_type=\"column\">\r\n        <div class=\"elementor-widget-wrap elementor-element-populated\">\r\n                     \r\n        \t\t<div class=\"elementor-element elementor-element-e4ded2f elementor-widget elementor-widget-pxl_image\" data-id=\"e4ded2f\" data-element_type=\"widget\" data-widget_type=\"pxl_image.default\">\n\t\t\t\t<div class=\"elementor-widget-container\">\n\t\t\t\t\t<div id=\"pxl_image-e4ded2f-4081\" class=\"pxl-image-single block-blur pxl-disable-parallax-sm pxl-hide-sr-lg  \" data-wow-delay=\"ms\"  >\r\n    <div class=\"pxl-item--inner\" data-wow-delay=\"120ms\">\r\n        \r\n                    <div class=\"pxl-item--bg bg-image block-blur\" style=\"background-image: url(https:\/\/bosphorusadvisory.com\/tr\/wp-content\/uploads\/2026\/03\/Adsiz-tasarim-19.webp);\">\r\n                                    <div class=\"wrap-block\">\r\n                                                    <span class=\"block wow zoomIn\"><\/span>\r\n                            <span class=\"block wow zoomIn\"><\/span>\r\n                                                                                                                    <\/div>\r\n                            <\/div>\r\n                \r\n    <\/div>\r\n<\/div>\t\t\t\t<\/div>\n\t\t\t\t<\/div>\n\t\t            <\/div>\r\n        <\/div>\r\n                <div class=\"elementor-column elementor-col-50 elementor-top-column elementor-element elementor-element-712dabd pxl-column-none pxl-column-overflow-hidden-no\" data-id=\"712dabd\" data-element_type=\"column\">\r\n        <div class=\"elementor-widget-wrap elementor-element-populated\">\r\n                     \r\n        \t\t<div class=\"elementor-element elementor-element-2762ed1 ft-gt elementor-widget elementor-widget-pxl_heading\" data-id=\"2762ed1\" data-element_type=\"widget\" data-widget_type=\"pxl_heading.default\">\n\t\t\t\t<div class=\"elementor-widget-container\">\n\t\t\t\t\t\n<div id=\"pxl-pxl_heading-2762ed1-9317\" class=\"pxl-heading px-sub-title-default-style \">\n\t<div class=\"pxl-heading--inner\">\n\t\t\n\t\t<h3 class=\"pxl-item--title style-default  highlight-default pxl-split-text split-in-fade\" data-wow-delay=\"ms\">\n\t\t\t\t\t\t\tDijitalle\u015fme ve Fintek:\t\n\t\t\t\t\n\t\t<\/h3>\n\t\t\n\t<\/div>\n<\/div>\t\t\t\t<\/div>\n\t\t\t\t<\/div>\n\t\t\t\t<div class=\"elementor-element elementor-element-6d8668c elementor-widget elementor-widget-pxl_text_editor\" data-id=\"6d8668c\" data-element_type=\"widget\" data-widget_type=\"pxl_text_editor.default\">\n\t\t\t\t<div class=\"elementor-widget-container\">\n\t\t\t\t\t<div class=\"pxl-text-editor\">\n\t<div class=\"pxl-item--inner  \" data-wow-delay=\"ms\">\n\t\t<p><span style=\"font-weight: 400\">Mikro i\u015fletmelerden end\u00fcstriyel \u015firketlere kadar dijitalle\u015fme art\u0131k bir se\u00e7enek de\u011fil, s\u00fcrd\u00fcr\u00fclebilir b\u00fcy\u00fcmenin temel \u015fart\u0131.\u00a0Bosphorus Advisory\u00a0olarak, i\u015fletmenizin sahip oldu\u011fu potansiyeli, dijitalle\u015fme, dijital d\u00f6n\u00fc\u015f\u00fcm ve fintek stratejileriyle birle\u015ftirerek &#8220;yeni nesil finansal mimarinizi&#8221; in\u015fa ediyoruz.<\/span><\/p><p><span style=\"font-weight: 400\">Geleneksel kal\u0131plar\u0131n d\u0131\u015f\u0131na \u00e7\u0131karak, i\u015fletmenizin &#8220;temel ger\u00e7e\u011fine&#8221; uygun, uygulanabilir ve \u00f6l\u00e7eklenebilir dijital \u00e7\u00f6z\u00fcmler sunuyoruz. Finans, y\u00f6netim ve teknoloji d\u00fcnyas\u0131n\u0131n kesi\u015fim noktas\u0131ndaki derin tecr\u00fcbemizle, operasyonel ihtiya\u00e7lar\u0131n\u0131z\u0131 teknolojiyle a\u015f\u0131yor; maliyet y\u00f6netimi, verimlilik ve finansmana eri\u015fim s\u00fcre\u00e7lerinizi dijital bir kald\u0131ra\u00e7la optimize ediyoruz.<\/span><\/p>\t\t\n\t<\/div>\n<\/div>\t\t\t\t<\/div>\n\t\t\t\t<\/div>\n\t\t            <\/div>\r\n        <\/div>\r\n        \t\t\t<\/div>\n\t\t<\/section>\n\t\t        <section class=\"elementor-section elementor-top-section elementor-element elementor-element-69d25b3 elementor-section-full_width elementor-section-stretched elementor-section-height-default elementor-section-height-default pxl-row-scroll-none pxl-zoom-point-false pxl-section-overflow-visible pxl-full-content-with-space-none\" data-id=\"69d25b3\" data-element_type=\"section\" data-settings=\"{&quot;stretch_section&quot;:&quot;section-stretched&quot;}\">\n\n                \n                <div class=\"elementor-container elementor-column-gap-extended \">\n                <div class=\"elementor-column elementor-col-100 elementor-top-column elementor-element elementor-element-f5e8780 pxl-column-none pxl-column-overflow-hidden-no\" data-id=\"f5e8780\" data-element_type=\"column\">\r\n        <div class=\"elementor-widget-wrap elementor-element-populated\">\r\n                     \r\n        \t\t<div class=\"elementor-element elementor-element-ed5bb4e elementor-widget elementor-widget-pxl_text_editor\" data-id=\"ed5bb4e\" data-element_type=\"widget\" data-widget_type=\"pxl_text_editor.default\">\n\t\t\t\t<div class=\"elementor-widget-container\">\n\t\t\t\t\t<div class=\"pxl-text-editor\">\n\t<div class=\"pxl-item--inner  \" data-wow-delay=\"ms\">\n\t\t<p><span style=\"font-weight: 400\">\u0130\u015fletmenize de\u011fer katacak dijitalle\u015fme ve fintek \u00e7\u00f6z\u00fcmlerimiz:<\/span><\/p><ul><li><b>BaaS ve Dijital Bankac\u0131l\u0131k Entegrasyonu:<\/b><span style=\"font-weight: 400\">\u00a0\u0130\u015fletme s\u00fcre\u00e7lerinizi en servis bankac\u0131l\u0131\u011f\u0131 (BaaS) hizmetleri ile uyumlu hale getirerek, finansal operasyonlar\u0131n\u0131z\u0131 h\u0131zland\u0131r\u0131yoruz.<\/span><\/li><li><b>Ak\u0131ll\u0131 \u00d6deme Sistemleri Dan\u0131\u015fmanl\u0131\u011f\u0131:<\/b><span style=\"font-weight: 400\">\u00a0Tahsilat ve \u00f6deme s\u00fcre\u00e7lerinizi optimize eden modern fintek \u00e7\u00f6z\u00fcmleriyle nakit ak\u0131\u015f y\u00f6netiminizi dijitalle\u015ftiriyoruz.<\/span><\/li><li><b>Dijital Finansal Check-up ve Raporlama:<\/b><span style=\"font-weight: 400\">\u00a0Standart tablolar\u0131n \u00f6tesine ge\u00e7erek, veriye dayal\u0131 analizlerle ve dijital ara\u00e7larla i\u015fletmenizin finansal r\u00f6ntgenini ekiyoruz.<\/span><\/li><li><b>Alternatif Finansman ve Kat\u0131l\u0131m Finans Portallar\u0131:<\/b><span style=\"font-weight: 400\">\u00a0\u0130\u015fletmenizi melek yat\u0131r\u0131mc\u0131 a\u011flar\u0131ndan kat\u0131l\u0131m esasl\u0131 uluslararas\u0131 sermaye fonlar\u0131na kadar geni\u015f bir dijital ekosisteme ba\u011fl\u0131yoruz.<\/span><\/li><li><b>Operasyonel S\u00fcre\u00e7lerin Dijitalle\u015fmesi:<\/b><span style=\"font-weight: 400\">\u00a0Karma\u015f\u0131k i\u015f s\u00fcre\u00e7lerini teknolojiyle sadele\u015ftirerek, verimlili\u011fi art\u0131ran stratejik yol haritalar\u0131 olu\u015fturuyoruz.<\/span><\/li><\/ul><p><span style=\"font-weight: 400\">Bosphorus Advisory ile sadece dijitalle\u015fmeyin; dijitalle\u015fmeyi rekabet avantaj\u0131na d\u00f6n\u00fc\u015ft\u00fcr\u00fcn.\u00a0<\/span><\/p><p><span style=\"font-weight: 400\">\u0130lkelerimizden \u00f6d\u00fcn vermeden, i\u015fletmeniz i\u00e7in en uygun teknolojik ve finansal e\u015fle\u015fmeyi sa\u011flayarak gelece\u011fe birlikte y\u00fcr\u00fcyelim.<\/span><\/p><ul><li style=\"list-style-type: none\">\u00a0<\/li><\/ul>\t\t\n\t<\/div>\n<\/div>\t\t\t\t<\/div>\n\t\t\t\t<\/div>\n\t\t            <\/div>\r\n        <\/div>\r\n        \t\t\t<\/div>\n\t\t<\/section>\n\t\t\t\t<\/div>\n\t\t","protected":false},"excerpt":{"rendered":"<p>Dijitalle\u015fme ve Fintek: Mikro i\u015fletmelerden end\u00fcstriyel \u015firketlere kadar dijitalle\u015fme art\u0131k bir se\u00e7enek de\u011fil, s\u00fcrd\u00fcr\u00fclebilir b\u00fcy\u00fcmenin temel \u015fart\u0131.\u00a0Bosphorus Advisory\u00a0olarak, i\u015fletmenizin sahip oldu\u011fu potansiyeli, dijitalle\u015fme, dijital d\u00f6n\u00fc\u015f\u00fcm ve fintek stratejileriyle birle\u015ftirerek &#8220;yeni nesil finansal mimarinizi&#8221; in\u015fa ediyoruz. Geleneksel kal\u0131plar\u0131n d\u0131\u015f\u0131na \u00e7\u0131karak, i\u015fletmenizin &#8220;temel ger\u00e7e\u011fine&#8221; uygun, uygulanabilir ve \u00f6l\u00e7eklenebilir dijital \u00e7\u00f6z\u00fcmler sunuyoruz. Finans, y\u00f6netim ve teknoloji d\u00fcnyas\u0131n\u0131n kesi\u015fim [&hellip;]<\/p>\n","protected":false},"author":1,"featured_media":0,"parent":0,"menu_order":0,"comment_status":"closed","ping_status":"closed","template":"","meta":{"footnotes":""},"class_list":["post-20500","page","type-page","status-publish","hentry"],"_links":{"self":[{"href":"https:\/\/bosphorusadvisory.com\/tr\/wp-json\/wp\/v2\/pages\/20500","targetHints":{"allow":["GET"]}}],"collection":[{"href":"https:\/\/bosphorusadvisory.com\/tr\/wp-json\/wp\/v2\/pages"}],"about":[{"href":"https:\/\/bosphorusadvisory.com\/tr\/wp-json\/wp\/v2\/types\/page"}],"author":[{"embeddable":true,"href":"https:\/\/bosphorusadvisory.com\/tr\/wp-json\/wp\/v2\/users\/1"}],"replies":[{"embeddable":true,"href":"https:\/\/bosphorusadvisory.com\/tr\/wp-json\/wp\/v2\/comments?post=20500"}],"version-history":[{"count":53,"href":"https:\/\/bosphorusadvisory.com\/tr\/wp-json\/wp\/v2\/pages\/20500\/revisions"}],"predecessor-version":[{"id":22123,"href":"https:\/\/bosphorusadvisory.com\/tr\/wp-json\/wp\/v2\/pages\/20500\/revisions\/22123"}],"wp:attachment":[{"href":"https:\/\/bosphorusadvisory.com\/tr\/wp-json\/wp\/v2\/media?parent=20500"}],"curies":[{"name":"wp","href":"https:\/\/api.w.org\/{rel}","templated":true}]}}