{"id":20400,"date":"2026-02-17T22:00:40","date_gmt":"2026-02-17T22:00:40","guid":{"rendered":"https:\/\/advisor.ghdemo.com.tr\/?page_id=20400"},"modified":"2026-04-12T22:22:35","modified_gmt":"2026-04-12T22:22:35","slug":"basvuru-sozlesme","status":"publish","type":"page","link":"https:\/\/bosphorusadvisory.com\/tr\/basvuru-sozlesme\/","title":{"rendered":"Ba\u015fvuru &#038; S\u00f6zle\u015fme"},"content":{"rendered":"\t\t<div data-elementor-type=\"wp-page\" data-elementor-id=\"20400\" class=\"elementor elementor-20400\">\n\t\t\t\t        <section class=\"elementor-section elementor-top-section elementor-element elementor-element-13e8c1f elementor-section-full_width elementor-section-stretched elementor-section-height-default elementor-section-height-default pxl-row-scroll-none pxl-zoom-point-false pxl-section-overflow-visible pxl-full-content-with-space-none\" data-id=\"13e8c1f\" data-element_type=\"section\" data-settings=\"{&quot;stretch_section&quot;:&quot;section-stretched&quot;,&quot;background_background&quot;:&quot;classic&quot;}\">\n\n                \n                <div class=\"elementor-container elementor-column-gap-default \">\n                <div class=\"elementor-column elementor-col-100 elementor-top-column elementor-element elementor-element-1db2fbe pxl-column-none pxl-column-overflow-hidden-no\" data-id=\"1db2fbe\" data-element_type=\"column\">\r\n        <div class=\"elementor-widget-wrap elementor-element-populated\">\r\n                     \r\n                <section class=\"elementor-section elementor-inner-section elementor-element elementor-element-9b6730e elementor-section-boxed elementor-section-height-default elementor-section-height-default pxl-row-scroll-none pxl-zoom-point-false pxl-section-overflow-visible\" data-id=\"9b6730e\" data-element_type=\"section\">\n\n                \n                <div class=\"elementor-container elementor-column-gap-extended \">\n                <div class=\"elementor-column elementor-col-100 elementor-inner-column elementor-element elementor-element-14269cd pxl-column-none pxl-column-overflow-hidden-no\" data-id=\"14269cd\" data-element_type=\"column\">\r\n        <div class=\"elementor-widget-wrap elementor-element-populated\">\r\n                     \r\n        \t\t<div class=\"elementor-element elementor-element-b42bef7 elementor-widget elementor-widget-pxl_heading\" data-id=\"b42bef7\" data-element_type=\"widget\" data-widget_type=\"pxl_heading.default\">\n\t\t\t\t<div class=\"elementor-widget-container\">\n\t\t\t\t\t\n<div id=\"pxl-pxl_heading-b42bef7-3787\" class=\"pxl-heading px-sub-title-default-style \">\n\t<div class=\"pxl-heading--inner\">\n\t\t\n\t\t<h3 class=\"pxl-item--title style-default  highlight-default pxl-split-text split-lines-rotation-x\" data-wow-delay=\"ms\">\n\t\t\t\t\t\t\tBa\u015fvuru &#038; S\u00f6zle\u015fme\t\n\t\t\t\t\n\t\t<\/h3>\n\t\t\n\t<\/div>\n<\/div>\t\t\t\t<\/div>\n\t\t\t\t<\/div>\n\t\t\t\t<div class=\"elementor-element elementor-element-82869fb elementor-widget elementor-widget-pxl_text_editor\" data-id=\"82869fb\" data-element_type=\"widget\" data-widget_type=\"pxl_text_editor.default\">\n\t\t\t\t<div class=\"elementor-widget-container\">\n\t\t\t\t\t<div class=\"pxl-text-editor\">\n\t<div class=\"pxl-item--inner pxl-split-text split-lines-transform \" data-wow-delay=\"ms\">\n\t\t<p><span style=\"font-weight: 400\">M\u00fc\u015fterilerimizle aram\u0131zdaki potansiyel bilgi asimetrisini en aza indirmek i\u00e7in \u00e7ok a\u015famal\u0131 bir ba\u015fvuru ve s\u00f6zle\u015fme s\u00fcreci izliyoruz.<\/span><\/p><p><span style=\"font-weight: 400\">U\u00e7tan uca ba\u015fvuru s\u00fcrecini a\u015fa\u011f\u0131daki gibi \u00f6zetleyebiliriz:<\/span><\/p>\t\t\n\t<\/div>\n<\/div>\t\t\t\t<\/div>\n\t\t\t\t<\/div>\n\t\t            <\/div>\r\n        <\/div>\r\n        \t\t\t<\/div>\n\t\t<\/section>\n\t\t\t\t<div class=\"elementor-element elementor-element-208a7b5 elementor-absolute elementor-hidden-mobile elementor-widget__width-initial elementor-widget-tablet_extra__width-initial elementor-widget-tablet__width-initial elementor-widget elementor-widget-pxl_image\" data-id=\"208a7b5\" data-element_type=\"widget\" data-settings=\"{&quot;_position&quot;:&quot;absolute&quot;}\" data-widget_type=\"pxl_image.default\">\n\t\t\t\t<div class=\"elementor-widget-container\">\n\t\t\t\t\t<div id=\"pxl_image-208a7b5-7474\" class=\"pxl-image-single block-blur4 pxl-disable-parallax-sm pxl-hide-sr-lg  \" data-wow-delay=\"ms\"  >\r\n    <div class=\"pxl-item--inner\" data-wow-delay=\"120ms\">\r\n        \r\n                    <div class=\"pxl-item--bg bg-image block-blur4\" style=\"background-image: url(https:\/\/bosphorusadvisory.com\/tr\/wp-content\/uploads\/2024\/08\/blank.png);\">\r\n                                    <div class=\"wrap-block\">\r\n                                                                                                    <span class=\"block wow flipInY\"><\/span>\r\n                            <span class=\"block wow flipInY\"><\/span>\r\n                            <span class=\"block wow flipInY\"><\/span>\r\n                            <span class=\"block wow flipInY\"><\/span>\r\n                            <span class=\"block wow flipInY\"><\/span>\r\n                            <span class=\"block wow flipInY\"><\/span>\r\n                                                                    <\/div>\r\n                            <\/div>\r\n                \r\n    <\/div>\r\n<\/div>\t\t\t\t<\/div>\n\t\t\t\t<\/div>\n\t\t            <\/div>\r\n        <\/div>\r\n        \t\t\t<\/div>\n\t\t<\/section>\n\t\t        <section class=\"elementor-section elementor-top-section elementor-element elementor-element-c479615 elementor-section-stretched elementor-section-boxed elementor-section-height-default elementor-section-height-default pxl-row-scroll-none pxl-zoom-point-false pxl-section-overflow-visible\" data-id=\"c479615\" data-element_type=\"section\" data-settings=\"{&quot;stretch_section&quot;:&quot;section-stretched&quot;,&quot;background_background&quot;:&quot;classic&quot;}\">\n\n                \n                <div class=\"elementor-container elementor-column-gap-extended \">\n                <div class=\"elementor-column elementor-col-100 elementor-top-column elementor-element elementor-element-7b8405d pxl-column-none pxl-column-overflow-hidden-no\" data-id=\"7b8405d\" data-element_type=\"column\">\r\n        <div class=\"elementor-widget-wrap elementor-element-populated\">\r\n                     \r\n        \t\t<div class=\"elementor-element elementor-element-7e74278 elementor-invisible elementor-widget elementor-widget-pxl_process\" data-id=\"7e74278\" data-element_type=\"widget\" data-settings=\"{&quot;_animation&quot;:&quot;fadeInUp&quot;}\" data-widget_type=\"pxl_process.default\">\n\t\t\t\t<div class=\"elementor-widget-container\">\n\t\t\t\t\t<div class=\"pxl-process pxl-process1 \" data-wow-delay=\"ms\">\r\n            <div class=\"pxl-item--step\">\r\n            1        <\/div>\r\n        <div class=\"pxl-item--inner\">\r\n                    <div class=\"pxl-item--image\">\r\n                <img fetchpriority=\"high\" decoding=\"async\" width=\"299\" height=\"299\" src=\"https:\/\/bosphorusadvisory.com\/tr\/wp-content\/uploads\/2026\/02\/Adsiz-tasarim-2026-02-25T050517.421.jpg\" class=\"attachment-full\" alt=\"\" srcset=\"https:\/\/bosphorusadvisory.com\/tr\/wp-content\/uploads\/2026\/02\/Adsiz-tasarim-2026-02-25T050517.421.jpg 299w, https:\/\/bosphorusadvisory.com\/tr\/wp-content\/uploads\/2026\/02\/Adsiz-tasarim-2026-02-25T050517.421-150x150.jpg 150w\" sizes=\"(max-width: 299px) 100vw, 299px\" \/>            <\/div>\r\n                <div class=\"wrap-content\">\r\n            <h5 class=\"pxl-item--title el-empty\">1. Ad\u0131m: \u00d6n Ba\u015fvuru<\/h5>\r\n            <div class=\"pxl-item--description el-empty\"><\/div>\r\n                        <ul class=\"pxl-list-text\">\r\n                                    <li class=\"pxl--item\">\r\n                        Ba\u015fvuru sahibi, ba\u015fvuru formunu doldurarak veya do\u011frudan bizi arayarak bizimle ileti\u015fime ge\u00e7ebilir.                    <\/li>\r\n                                    <li class=\"pxl--item\">\r\n                        Bosphorus Advisory ekibi \u00f6n ba\u015fvuruyu de\u011ferlendirir ve i) \u00f6n ba\u015fvuruyu reddeder veya ii) ba\u015fvuru sahibinden ba\u015fvuru a\u015famas\u0131na ge\u00e7mesini ister.                    <\/li>\r\n                                <\/ul>             <\/div>\r\n        <\/div>\r\n    <\/div>\t\t\t\t<\/div>\n\t\t\t\t<\/div>\n\t\t\t\t<div class=\"elementor-element elementor-element-9488ef2 elementor-invisible elementor-widget elementor-widget-pxl_process\" data-id=\"9488ef2\" data-element_type=\"widget\" data-settings=\"{&quot;_animation&quot;:&quot;fadeInUp&quot;}\" data-widget_type=\"pxl_process.default\">\n\t\t\t\t<div class=\"elementor-widget-container\">\n\t\t\t\t\t<div class=\"pxl-process pxl-process1 \" data-wow-delay=\"ms\">\r\n            <div class=\"pxl-item--step\">\r\n            2        <\/div>\r\n        <div class=\"pxl-item--inner\">\r\n                    <div class=\"pxl-item--image\">\r\n                <img decoding=\"async\" width=\"299\" height=\"299\" src=\"https:\/\/bosphorusadvisory.com\/tr\/wp-content\/uploads\/2026\/02\/Adsiz-tasarim-2026-02-25T050523.287.jpg\" class=\"attachment-full\" alt=\"\" srcset=\"https:\/\/bosphorusadvisory.com\/tr\/wp-content\/uploads\/2026\/02\/Adsiz-tasarim-2026-02-25T050523.287.jpg 299w, https:\/\/bosphorusadvisory.com\/tr\/wp-content\/uploads\/2026\/02\/Adsiz-tasarim-2026-02-25T050523.287-150x150.jpg 150w\" sizes=\"(max-width: 299px) 100vw, 299px\" \/>            <\/div>\r\n                <div class=\"wrap-content\">\r\n            <h5 class=\"pxl-item--title el-empty\">2. Ad\u0131m: Ba\u015fvuru<\/h5>\r\n            <div class=\"pxl-item--description el-empty\"><\/div>\r\n                        <ul class=\"pxl-list-text\">\r\n                                    <li class=\"pxl--item\">\r\n                        Ba\u015fvuru sahibi, \u201cDan\u0131s\u0327manl\u0131k O\u0308ncesi Deg\u0306erlendirme Protokolu\u0308\u201d vas\u0131tas\u0131yla _resmi ba\u015fvurusunu bize iletir.                    <\/li>\r\n                                    <li class=\"pxl--item\">\r\n                        M\u00fcteakiben, m\u00fc\u015fterimizden a\u015fa\u011f\u0131daki belgeleri talep ederiz: \nBa\u015fvuru sahibinin temel verilerine eri\u015fim i\u00e7in bir onay belgesi. \nTemel finansal ve finansal olmayan veriler. \nGerekirse, \u00e7evrimi\u00e7i yap\u0131lan \u201cpsikometrik test\u201d.\n                    <\/li>\r\n                                <\/ul>             <\/div>\r\n        <\/div>\r\n    <\/div>\t\t\t\t<\/div>\n\t\t\t\t<\/div>\n\t\t\t\t<div class=\"elementor-element elementor-element-0922cdc elementor-invisible elementor-widget elementor-widget-pxl_process\" data-id=\"0922cdc\" data-element_type=\"widget\" data-settings=\"{&quot;_animation&quot;:&quot;fadeInUp&quot;}\" data-widget_type=\"pxl_process.default\">\n\t\t\t\t<div class=\"elementor-widget-container\">\n\t\t\t\t\t<div class=\"pxl-process pxl-process1 \" data-wow-delay=\"ms\">\r\n            <div class=\"pxl-item--step\">\r\n            3        <\/div>\r\n        <div class=\"pxl-item--inner\">\r\n                    <div class=\"pxl-item--image\">\r\n                <img decoding=\"async\" width=\"299\" height=\"299\" src=\"https:\/\/bosphorusadvisory.com\/tr\/wp-content\/uploads\/2026\/02\/Adsiz-tasarim-2026-02-25T050535.828.jpg\" class=\"attachment-full\" alt=\"\" srcset=\"https:\/\/bosphorusadvisory.com\/tr\/wp-content\/uploads\/2026\/02\/Adsiz-tasarim-2026-02-25T050535.828.jpg 299w, https:\/\/bosphorusadvisory.com\/tr\/wp-content\/uploads\/2026\/02\/Adsiz-tasarim-2026-02-25T050535.828-150x150.jpg 150w\" sizes=\"(max-width: 299px) 100vw, 299px\" \/>            <\/div>\r\n                <div class=\"wrap-content\">\r\n            <h5 class=\"pxl-item--title el-empty\">3. Ad\u0131m: Komite De\u011ferlendirmesi<\/h5>\r\n            <div class=\"pxl-item--description el-empty\"><\/div>\r\n                        <ul class=\"pxl-list-text\">\r\n                                    <li class=\"pxl--item\">\r\n                        Ba\u015fvuru paketi, haftal\u0131k toplant\u0131lar\u0131 i\u00e7in Proje De\u011ferlendirme Komitesine (PEC) sunulur.\n                    <\/li>\r\n                                    <li class=\"pxl--item\">\r\n                        PEC, i) ba\u015fvuruyu reddetme veya ii) dan\u0131\u015fmanl\u0131k s\u00fcrecini ba\u015flatma konusunda karar verir.\n                    <\/li>\r\n                                    <li class=\"pxl--item\">\r\n                        PEC, s\u00fcreci ba\u015flatmaya karar verirse, ekibe \u00e7\u00f6z\u00fcm se\u00e7enekleri hakk\u0131nda bilgi verir.\n                    <\/li>\r\n                                <\/ul>             <\/div>\r\n        <\/div>\r\n    <\/div>\t\t\t\t<\/div>\n\t\t\t\t<\/div>\n\t\t\t\t<div class=\"elementor-element elementor-element-c9d506a elementor-invisible elementor-widget elementor-widget-pxl_process\" data-id=\"c9d506a\" data-element_type=\"widget\" data-settings=\"{&quot;_animation&quot;:&quot;fadeInUp&quot;}\" data-widget_type=\"pxl_process.default\">\n\t\t\t\t<div class=\"elementor-widget-container\">\n\t\t\t\t\t<div class=\"pxl-process pxl-process1 \" data-wow-delay=\"ms\">\r\n            <div class=\"pxl-item--step\">\r\n            4        <\/div>\r\n        <div class=\"pxl-item--inner\">\r\n                    <div class=\"pxl-item--image\">\r\n                <img loading=\"lazy\" decoding=\"async\" width=\"299\" height=\"299\" src=\"https:\/\/bosphorusadvisory.com\/tr\/wp-content\/uploads\/2026\/02\/Adsiz-tasarim-2026-02-25T050529.620.jpg\" class=\"attachment-full\" alt=\"\" srcset=\"https:\/\/bosphorusadvisory.com\/tr\/wp-content\/uploads\/2026\/02\/Adsiz-tasarim-2026-02-25T050529.620.jpg 299w, https:\/\/bosphorusadvisory.com\/tr\/wp-content\/uploads\/2026\/02\/Adsiz-tasarim-2026-02-25T050529.620-150x150.jpg 150w\" sizes=\"(max-width: 299px) 100vw, 299px\" \/>            <\/div>\r\n                <div class=\"wrap-content\">\r\n            <h5 class=\"pxl-item--title el-empty\">4. Ad\u0131m: M\u00fczakereler ve Teklif<\/h5>\r\n            <div class=\"pxl-item--description el-empty\">\n<\/div>\r\n                        <ul class=\"pxl-list-text\">\r\n                                    <li class=\"pxl--item\">\r\n                        Ba\u015fvuru sahibi PEC karar\u0131 hakk\u0131nda bilgilendirilir.\n                    <\/li>\r\n                                    <li class=\"pxl--item\">\r\n                        Bosphorus Advisory ekibi, m\u00fc\u015fteriyle anla\u015fman\u0131n \u015fart ve ko\u015fullar\u0131 hakk\u0131nda m\u00fczakere eder.\nArd\u0131ndan m\u00fc\u015fteriden a\u015fa\u011f\u0131daki belgeleri imzalamas\u0131 talep edilir:                     <\/li>\r\n                                    <li class=\"pxl--item\">\r\n                        Dan\u0131\u015fmanl\u0131k hizmetleri s\u00f6zle\u015fmesi, \n\u0130\u015f emri s\u00f6zle\u015fmesi, \nKVKK veri gizlili\u011fi bildirimi, \nKi\u015fisel verilerin i\u015flenmesi i\u00e7in a\u00e7\u0131k r\u0131za formu, \nGizlilik belgesi (NDA).\n\nConfidentiality clause.                    <\/li>\r\n                                <\/ul>             <\/div>\r\n        <\/div>\r\n    <\/div>\t\t\t\t<\/div>\n\t\t\t\t<\/div>\n\t\t            <\/div>\r\n        <\/div>\r\n        \t\t\t<\/div>\n\t\t<\/section>\n\t\t\t\t<\/div>\n\t\t","protected":false},"excerpt":{"rendered":"<p>Ba\u015fvuru &#038; S\u00f6zle\u015fme M\u00fc\u015fterilerimizle aram\u0131zdaki potansiyel bilgi asimetrisini en aza indirmek i\u00e7in \u00e7ok a\u015famal\u0131 bir ba\u015fvuru ve s\u00f6zle\u015fme s\u00fcreci izliyoruz. U\u00e7tan uca ba\u015fvuru s\u00fcrecini a\u015fa\u011f\u0131daki gibi \u00f6zetleyebiliriz: 1 1. Ad\u0131m: \u00d6n Ba\u015fvuru Ba\u015fvuru sahibi, ba\u015fvuru formunu doldurarak veya do\u011frudan bizi arayarak bizimle ileti\u015fime ge\u00e7ebilir. Bosphorus Advisory ekibi \u00f6n ba\u015fvuruyu de\u011ferlendirir ve i) \u00f6n ba\u015fvuruyu reddeder [&hellip;]<\/p>\n","protected":false},"author":1,"featured_media":0,"parent":0,"menu_order":0,"comment_status":"closed","ping_status":"closed","template":"","meta":{"footnotes":""},"class_list":["post-20400","page","type-page","status-publish","hentry"],"_links":{"self":[{"href":"https:\/\/bosphorusadvisory.com\/tr\/wp-json\/wp\/v2\/pages\/20400","targetHints":{"allow":["GET"]}}],"collection":[{"href":"https:\/\/bosphorusadvisory.com\/tr\/wp-json\/wp\/v2\/pages"}],"about":[{"href":"https:\/\/bosphorusadvisory.com\/tr\/wp-json\/wp\/v2\/types\/page"}],"author":[{"embeddable":true,"href":"https:\/\/bosphorusadvisory.com\/tr\/wp-json\/wp\/v2\/users\/1"}],"replies":[{"embeddable":true,"href":"https:\/\/bosphorusadvisory.com\/tr\/wp-json\/wp\/v2\/comments?post=20400"}],"version-history":[{"count":101,"href":"https:\/\/bosphorusadvisory.com\/tr\/wp-json\/wp\/v2\/pages\/20400\/revisions"}],"predecessor-version":[{"id":22195,"href":"https:\/\/bosphorusadvisory.com\/tr\/wp-json\/wp\/v2\/pages\/20400\/revisions\/22195"}],"wp:attachment":[{"href":"https:\/\/bosphorusadvisory.com\/tr\/wp-json\/wp\/v2\/media?parent=20400"}],"curies":[{"name":"wp","href":"https:\/\/api.w.org\/{rel}","templated":true}]}}