{"id":19761,"date":"2026-02-08T08:40:46","date_gmt":"2026-02-08T08:40:46","guid":{"rendered":"https:\/\/advisor.ghdemo.com.tr\/?page_id=19761"},"modified":"2026-04-12T00:32:44","modified_gmt":"2026-04-12T00:32:44","slug":"katilim-finans-tarama-mekanizmasi","status":"publish","type":"page","link":"https:\/\/bosphorusadvisory.com\/tr\/katilim-finans-tarama-mekanizmasi\/","title":{"rendered":"Kat\u0131l\u0131m Finans Tarama Mekanizmas\u0131"},"content":{"rendered":"\t\t<div data-elementor-type=\"wp-page\" data-elementor-id=\"19761\" class=\"elementor elementor-19761\">\n\t\t\t\t        <section class=\"elementor-section elementor-top-section elementor-element elementor-element-5b4d1b3 elementor-section-full_width elementor-section-stretched elementor-section-height-default elementor-section-height-default pxl-row-scroll-none pxl-zoom-point-false pxl-section-overflow-visible pxl-full-content-with-space-none\" data-id=\"5b4d1b3\" data-element_type=\"section\" data-settings=\"{&quot;stretch_section&quot;:&quot;section-stretched&quot;}\">\n\n                \n                <div class=\"elementor-container elementor-column-gap-extended \">\n                <div class=\"elementor-column elementor-col-50 elementor-top-column elementor-element elementor-element-00200ac pxl-column-none pxl-column-overflow-hidden-no\" data-id=\"00200ac\" data-element_type=\"column\">\r\n        <div class=\"elementor-widget-wrap elementor-element-populated\">\r\n                     \r\n        \t\t<div class=\"elementor-element elementor-element-daf6d18 elementor-widget elementor-widget-pxl_image\" data-id=\"daf6d18\" data-element_type=\"widget\" data-widget_type=\"pxl_image.default\">\n\t\t\t\t<div class=\"elementor-widget-container\">\n\t\t\t\t\t<div id=\"pxl_image-daf6d18-1342\" class=\"pxl-image-single block-blur pxl-disable-parallax-sm pxl-hide-sr-lg  \" data-wow-delay=\"ms\"  >\r\n    <div class=\"pxl-item--inner\" data-wow-delay=\"120ms\">\r\n        \r\n                    <div class=\"pxl-item--bg bg-image block-blur\" style=\"background-image: url(https:\/\/bosphorusadvisory.com\/tr\/wp-content\/uploads\/2026\/02\/Adsiz-tasarim-16.jpg);\">\r\n                                    <div class=\"wrap-block\">\r\n                                                    <span class=\"block wow zoomIn\"><\/span>\r\n                            <span class=\"block wow zoomIn\"><\/span>\r\n                                                                                                                    <\/div>\r\n                            <\/div>\r\n                \r\n    <\/div>\r\n<\/div>\t\t\t\t<\/div>\n\t\t\t\t<\/div>\n\t\t            <\/div>\r\n        <\/div>\r\n                <div class=\"elementor-column elementor-col-50 elementor-top-column elementor-element elementor-element-69530d5 pxl-column-none pxl-column-overflow-hidden-no\" data-id=\"69530d5\" data-element_type=\"column\">\r\n        <div class=\"elementor-widget-wrap elementor-element-populated\">\r\n                     \r\n        \t\t<div class=\"elementor-element elementor-element-2eed8bc elementor-hidden-tablet_extra elementor-hidden-tablet elementor-hidden-mobile elementor-widget elementor-widget-spacer\" data-id=\"2eed8bc\" data-element_type=\"widget\" data-widget_type=\"spacer.default\">\n\t\t\t\t\t\t\t<div class=\"elementor-spacer\">\n\t\t\t<div class=\"elementor-spacer-inner\"><\/div>\n\t\t<\/div>\n\t\t\t\t\t\t<\/div>\n\t\t\t\t<div class=\"elementor-element elementor-element-c3ab97e ft-gt elementor-widget elementor-widget-pxl_heading\" data-id=\"c3ab97e\" data-element_type=\"widget\" data-widget_type=\"pxl_heading.default\">\n\t\t\t\t<div class=\"elementor-widget-container\">\n\t\t\t\t\t\n<div id=\"pxl-pxl_heading-c3ab97e-2379\" class=\"pxl-heading px-sub-title-default-style \">\n\t<div class=\"pxl-heading--inner\">\n\t\t\n\t\t<h3 class=\"pxl-item--title style-default  highlight-default pxl-split-text split-in-fade\" data-wow-delay=\"ms\">\n\t\t\t\t\t\t\tKat\u0131l\u0131m Finans Tarama Mekanizmas\u0131\t\n\t\t\t\t\n\t\t<\/h3>\n\t\t\n\t<\/div>\n<\/div>\t\t\t\t<\/div>\n\t\t\t\t<\/div>\n\t\t\t\t<div class=\"elementor-element elementor-element-b9cf439 elementor-widget elementor-widget-pxl_text_editor\" data-id=\"b9cf439\" data-element_type=\"widget\" data-widget_type=\"pxl_text_editor.default\">\n\t\t\t\t<div class=\"elementor-widget-container\">\n\t\t\t\t\t<div class=\"pxl-text-editor\">\n\t<div class=\"pxl-item--inner  \" data-wow-delay=\"ms\">\n\t\t<p><span style=\"font-weight: 400\">Derecelendirme, bir finans kurulu\u015funun, \u015firketin veya \u00fclkenin, \u00f6nceden belirlenmi\u015f kriterlere dayanarak, kredi ve temerr\u00fct riski de dahil olmak \u00fczere finansal y\u00fck\u00fcml\u00fcl\u00fcklerini yerine getirme kabiliyetinin \u00f6l\u00e7\u00fclmesi olarak tan\u0131mlan\u0131r. Kat\u0131l\u0131m finans kurulu\u015flar\u0131n\u0131n esasen finans kurulu\u015flar\u0131 olmas\u0131ndan dolay\u0131, geleneksel muadilleri gibi finansal sa\u011fl\u0131k ve s\u00fcrd\u00fcr\u00fclebilirlik a\u00e7\u0131s\u0131ndan derecelendirmeye tabidirler. B\u0130ST pay piyasas\u0131nda i\u015flem g\u00f6ren i\u015fletmeler i\u00e7in de kat\u0131l\u0131m endeksi \u00f6nemli bir \u00e7\u0131pa vazifes g\u00f6r\u00fcyor.<\/span><\/p><p><span style=\"font-weight: 400\">\u00d6te yandan B\u0130ST&#8217;te i\u015flem g\u00f6rmeyen i\u015fletmeler i\u00e7in de bu i\u015fletmelerin faaliyetleri ve finansallar\u0131 a\u00e7\u0131s\u0131ndan kat\u0131l\u0131m finans esaslar\u0131na uyumunu da olduk\u00e7a \u00f6nemli g\u00f6r\u00fcyoruz. \u0130\u015fletmeniz i\u00e7in geli\u015ftirdi\u011fimiz &#8220;kat\u0131l\u0131m finans tarama mekanizmas\u0131&#8221; d\u00fcnyada trilyonlarca dolarl\u0131k bir potansiyeli bar\u0131nd\u0131ran helal de\u011fer zinciri ile entegrasy\u0131onunuzu kolayla\u015ft\u0131r\u0131rken \u00f6zellikle kat\u0131l\u0131m esaslar\u0131na uygun yat\u0131r\u0131m aray\u0131\u015f\u0131ndaki yurti\u00e7i ve yurtd\u0131\u015f\u0131 fonlar i\u00e7in de bilgi asimetrisini azaltan \u00f6nemli bir \u00e7\u0131pa olu\u015fturuyoruz.<\/span><\/p>\t\t\n\t<\/div>\n<\/div>\t\t\t\t<\/div>\n\t\t\t\t<\/div>\n\t\t            <\/div>\r\n        <\/div>\r\n        \t\t\t<\/div>\n\t\t<\/section>\n\t\t\t\t<\/div>\n\t\t","protected":false},"excerpt":{"rendered":"<p>Kat\u0131l\u0131m Finans Tarama Mekanizmas\u0131 Derecelendirme, bir finans kurulu\u015funun, \u015firketin veya \u00fclkenin, \u00f6nceden belirlenmi\u015f kriterlere dayanarak, kredi ve temerr\u00fct riski de dahil olmak \u00fczere finansal y\u00fck\u00fcml\u00fcl\u00fcklerini yerine getirme kabiliyetinin \u00f6l\u00e7\u00fclmesi olarak tan\u0131mlan\u0131r. Kat\u0131l\u0131m finans kurulu\u015flar\u0131n\u0131n esasen finans kurulu\u015flar\u0131 olmas\u0131ndan dolay\u0131, geleneksel muadilleri gibi finansal sa\u011fl\u0131k ve s\u00fcrd\u00fcr\u00fclebilirlik a\u00e7\u0131s\u0131ndan derecelendirmeye tabidirler. B\u0130ST pay piyasas\u0131nda i\u015flem g\u00f6ren i\u015fletmeler [&hellip;]<\/p>\n","protected":false},"author":1,"featured_media":0,"parent":0,"menu_order":0,"comment_status":"closed","ping_status":"closed","template":"","meta":{"footnotes":""},"class_list":["post-19761","page","type-page","status-publish","hentry"],"_links":{"self":[{"href":"https:\/\/bosphorusadvisory.com\/tr\/wp-json\/wp\/v2\/pages\/19761","targetHints":{"allow":["GET"]}}],"collection":[{"href":"https:\/\/bosphorusadvisory.com\/tr\/wp-json\/wp\/v2\/pages"}],"about":[{"href":"https:\/\/bosphorusadvisory.com\/tr\/wp-json\/wp\/v2\/types\/page"}],"author":[{"embeddable":true,"href":"https:\/\/bosphorusadvisory.com\/tr\/wp-json\/wp\/v2\/users\/1"}],"replies":[{"embeddable":true,"href":"https:\/\/bosphorusadvisory.com\/tr\/wp-json\/wp\/v2\/comments?post=19761"}],"version-history":[{"count":92,"href":"https:\/\/bosphorusadvisory.com\/tr\/wp-json\/wp\/v2\/pages\/19761\/revisions"}],"predecessor-version":[{"id":22124,"href":"https:\/\/bosphorusadvisory.com\/tr\/wp-json\/wp\/v2\/pages\/19761\/revisions\/22124"}],"wp:attachment":[{"href":"https:\/\/bosphorusadvisory.com\/tr\/wp-json\/wp\/v2\/media?parent=19761"}],"curies":[{"name":"wp","href":"https:\/\/api.w.org\/{rel}","templated":true}]}}