{"id":196,"date":"2024-04-16T02:41:41","date_gmt":"2024-04-16T02:41:41","guid":{"rendered":"http:\/\/demo.bravisthemes.com\/herrington\/?page_id=196"},"modified":"2026-04-12T01:13:34","modified_gmt":"2026-04-12T01:13:34","slug":"eslestirme","status":"publish","type":"page","link":"https:\/\/bosphorusadvisory.com\/tr\/eslestirme\/","title":{"rendered":"E\u015fle\u015ftirme"},"content":{"rendered":"\t\t<div data-elementor-type=\"wp-page\" data-elementor-id=\"196\" class=\"elementor elementor-196\">\n\t\t\t\t        <section class=\"elementor-section elementor-top-section elementor-element elementor-element-5a10b76 elementor-section-full_width elementor-section-stretched elementor-section-height-default elementor-section-height-default pxl-row-scroll-none pxl-zoom-point-false pxl-section-overflow-visible pxl-full-content-with-space-none\" data-id=\"5a10b76\" data-element_type=\"section\" data-settings=\"{&quot;stretch_section&quot;:&quot;section-stretched&quot;}\">\n\n                \n                <div class=\"elementor-container elementor-column-gap-extended \">\n                <div class=\"elementor-column elementor-col-50 elementor-top-column elementor-element elementor-element-fa89a6c pxl-column-none pxl-column-overflow-hidden-no\" data-id=\"fa89a6c\" data-element_type=\"column\">\r\n        <div class=\"elementor-widget-wrap elementor-element-populated\">\r\n                     \r\n        \t\t<div class=\"elementor-element elementor-element-a4869c1 elementor-widget elementor-widget-pxl_image\" data-id=\"a4869c1\" data-element_type=\"widget\" data-widget_type=\"pxl_image.default\">\n\t\t\t\t<div class=\"elementor-widget-container\">\n\t\t\t\t\t<div id=\"pxl_image-a4869c1-1475\" class=\"pxl-image-single block-blur pxl-disable-parallax-sm pxl-hide-sr-lg  \" data-wow-delay=\"ms\"  >\r\n    <div class=\"pxl-item--inner\" data-wow-delay=\"120ms\">\r\n        \r\n                    <div class=\"pxl-item--bg bg-image block-blur\" style=\"background-image: url(https:\/\/bosphorusadvisory.com\/tr\/wp-content\/uploads\/2026\/02\/Adsiz-tasarim-4.jpg);\">\r\n                                    <div class=\"wrap-block\">\r\n                                                    <span class=\"block wow zoomIn\"><\/span>\r\n                            <span class=\"block wow zoomIn\"><\/span>\r\n                                                                                                                    <\/div>\r\n                            <\/div>\r\n                \r\n    <\/div>\r\n<\/div>\t\t\t\t<\/div>\n\t\t\t\t<\/div>\n\t\t            <\/div>\r\n        <\/div>\r\n                <div class=\"elementor-column elementor-col-50 elementor-top-column elementor-element elementor-element-9aebc13 pxl-column-none pxl-column-overflow-hidden-no\" data-id=\"9aebc13\" data-element_type=\"column\">\r\n        <div class=\"elementor-widget-wrap elementor-element-populated\">\r\n                     \r\n        \t\t<div class=\"elementor-element elementor-element-393c665 ft-gt elementor-widget elementor-widget-pxl_heading\" data-id=\"393c665\" data-element_type=\"widget\" data-widget_type=\"pxl_heading.default\">\n\t\t\t\t<div class=\"elementor-widget-container\">\n\t\t\t\t\t\n<div id=\"pxl-pxl_heading-393c665-1506\" class=\"pxl-heading px-sub-title-default-style \">\n\t<div class=\"pxl-heading--inner\">\n\t\t\n\t\t<h3 class=\"pxl-item--title style-default  highlight-default pxl-split-text split-in-fade\" data-wow-delay=\"ms\">\n\t\t\t\t\t\t\tE\u015fle\u015ftirme\t\n\t\t\t\t\n\t\t<\/h3>\n\t\t\n\t<\/div>\n<\/div>\t\t\t\t<\/div>\n\t\t\t\t<\/div>\n\t\t\t\t<div class=\"elementor-element elementor-element-99df7de elementor-widget elementor-widget-pxl_text_editor\" data-id=\"99df7de\" data-element_type=\"widget\" data-widget_type=\"pxl_text_editor.default\">\n\t\t\t\t<div class=\"elementor-widget-container\">\n\t\t\t\t\t<div class=\"pxl-text-editor\">\n\t<div class=\"pxl-item--inner  \" data-wow-delay=\"ms\">\n\t\t<p><span style=\"font-weight: 400\">E\u015fle\u015ftirme hizmetlerimizi, finansal ve finansal olmayan e\u015fle\u015ftirme olmak \u00fczere iki \u015fekilde sunmaktay\u0131z.<\/span><\/p><p><span style=\"font-weight: 400\">Finansal e\u015fle\u015ftirme; i\u015fletmenizin finansman\/destek\/hibe ihtiya\u00e7lar\u0131n\u0131, hedeflerinize en uygun yat\u0131r\u0131mc\u0131 veya finansman modelleriyle stratejik olarak birle\u015ftirme sanat\u0131d\u0131r. Finansal e\u015fle\u015ftirme hizmetlerimiz sadece bir fon bulma aray\u0131\u015f\u0131n\u0131 de\u011fil; yat\u0131r\u0131mc\u0131n\u0131n beklentileri ile i\u015fletmenizin b\u00fcy\u00fcme potansiyelini, risk profilini ve stratejik hedeflerini\u00a0optimum noktada bir araya getiren\u00a0profesyonel bir k\u00f6pr\u00fcd\u00fcr. \u0130\u015fletmenizin finansal yap\u0131s\u0131n\u0131 analiz ederek do\u011fru kayna\u011f\u0131, do\u011fru maliyetle ve do\u011fru zamanda i\u015fletmenize kazand\u0131rmaya y\u00f6nelik dan\u0131\u015fmanl\u0131k hizmetlerimizle s\u00fcrd\u00fcr\u00fclebilir b\u00fcy\u00fcmenize giden yolunuzu k\u0131salt\u0131yoruz.<\/span><\/p><p><span style=\"font-weight: 400\">Finansal olmayan e\u015fle\u015ftirme ise i\u015fletmenizin finansman ihtiyac\u0131 d\u0131\u015f\u0131nda kalan, insan kaynaklar\u0131 ile do\u011frudan yat\u0131r\u0131m \u00e7ekme gibi konulardaki ihtiya\u00e7lar\u0131na y\u00f6nelik y\u00fcr\u00fctt\u00fc\u011f\u00fcm\u00fcz e\u015fle\u015ftirme hizmetlerini kapsamaktad\u0131r. <\/span><\/p>\t\t\n\t<\/div>\n<\/div>\t\t\t\t<\/div>\n\t\t\t\t<\/div>\n\t\t\t\t<div class=\"elementor-element elementor-element-7927147 elementor-widget elementor-widget-spacer\" data-id=\"7927147\" data-element_type=\"widget\" data-widget_type=\"spacer.default\">\n\t\t\t\t\t\t\t<div class=\"elementor-spacer\">\n\t\t\t<div class=\"elementor-spacer-inner\"><\/div>\n\t\t<\/div>\n\t\t\t\t\t\t<\/div>\n\t\t\t\t<div class=\"elementor-element elementor-element-88db9cd elementor-widget elementor-widget-pxl_text_editor\" data-id=\"88db9cd\" data-element_type=\"widget\" data-widget_type=\"pxl_text_editor.default\">\n\t\t\t\t<div class=\"elementor-widget-container\">\n\t\t\t\t\t<div class=\"pxl-text-editor\">\n\t<div class=\"pxl-item--inner  \" data-wow-delay=\"ms\">\n\t\t<p><span style=\"font-weight: 400\">Bu \u00e7er\u00e7evede, e\u015fle\u015ftirme faaliyetlerimiz a\u015fa\u011f\u0131daki \u00fc\u00e7 hizmet \u015feklinde y\u00fcr\u00fctmekteyiz:<\/span><\/p><ul><li><strong><a href=\"https:\/\/bosphorusadvisory.com\/tr\/yurtici-finansal-eslestirme\/\">Yurti\u00e7i Finansal E\u015fle\u015ftirme<\/a><\/strong><\/li><li><strong><a href=\"https:\/\/bosphorusadvisory.com\/tr\/yurtdisi-finansal-eslestirme\/\">Yurtd\u0131\u015f\u0131 Finansal E\u015fle\u015ftirme<\/a><\/strong><\/li><li><strong><a href=\"https:\/\/bosphorusadvisory.com\/tr\/sermaye-eslestirmesi\/\">Sermaye E\u015fle\u015ftirmesi<\/a><\/strong><\/li><\/ul>\t\t\n\t<\/div>\n<\/div>\t\t\t\t<\/div>\n\t\t\t\t<\/div>\n\t\t\t\t<div class=\"elementor-element elementor-element-6c72444 elementor-widget elementor-widget-spacer\" data-id=\"6c72444\" data-element_type=\"widget\" data-widget_type=\"spacer.default\">\n\t\t\t\t\t\t\t<div class=\"elementor-spacer\">\n\t\t\t<div class=\"elementor-spacer-inner\"><\/div>\n\t\t<\/div>\n\t\t\t\t\t\t<\/div>\n\t\t            <\/div>\r\n        <\/div>\r\n        \t\t\t<\/div>\n\t\t<\/section>\n\t\t\t\t<\/div>\n\t\t","protected":false},"excerpt":{"rendered":"<p>E\u015fle\u015ftirme E\u015fle\u015ftirme hizmetlerimizi, finansal ve finansal olmayan e\u015fle\u015ftirme olmak \u00fczere iki \u015fekilde sunmaktay\u0131z. Finansal e\u015fle\u015ftirme; i\u015fletmenizin finansman\/destek\/hibe ihtiya\u00e7lar\u0131n\u0131, hedeflerinize en uygun yat\u0131r\u0131mc\u0131 veya finansman modelleriyle stratejik olarak birle\u015ftirme sanat\u0131d\u0131r. Finansal e\u015fle\u015ftirme hizmetlerimiz sadece bir fon bulma aray\u0131\u015f\u0131n\u0131 de\u011fil; yat\u0131r\u0131mc\u0131n\u0131n beklentileri ile i\u015fletmenizin b\u00fcy\u00fcme potansiyelini, risk profilini ve stratejik hedeflerini\u00a0optimum noktada bir araya getiren\u00a0profesyonel bir k\u00f6pr\u00fcd\u00fcr. [&hellip;]<\/p>\n","protected":false},"author":1,"featured_media":0,"parent":0,"menu_order":0,"comment_status":"closed","ping_status":"closed","template":"","meta":{"footnotes":""},"class_list":["post-196","page","type-page","status-publish","hentry"],"_links":{"self":[{"href":"https:\/\/bosphorusadvisory.com\/tr\/wp-json\/wp\/v2\/pages\/196","targetHints":{"allow":["GET"]}}],"collection":[{"href":"https:\/\/bosphorusadvisory.com\/tr\/wp-json\/wp\/v2\/pages"}],"about":[{"href":"https:\/\/bosphorusadvisory.com\/tr\/wp-json\/wp\/v2\/types\/page"}],"author":[{"embeddable":true,"href":"https:\/\/bosphorusadvisory.com\/tr\/wp-json\/wp\/v2\/users\/1"}],"replies":[{"embeddable":true,"href":"https:\/\/bosphorusadvisory.com\/tr\/wp-json\/wp\/v2\/comments?post=196"}],"version-history":[{"count":100,"href":"https:\/\/bosphorusadvisory.com\/tr\/wp-json\/wp\/v2\/pages\/196\/revisions"}],"predecessor-version":[{"id":22183,"href":"https:\/\/bosphorusadvisory.com\/tr\/wp-json\/wp\/v2\/pages\/196\/revisions\/22183"}],"wp:attachment":[{"href":"https:\/\/bosphorusadvisory.com\/tr\/wp-json\/wp\/v2\/media?parent=196"}],"curies":[{"name":"wp","href":"https:\/\/api.w.org\/{rel}","templated":true}]}}