{"id":181,"date":"2024-04-16T02:39:58","date_gmt":"2024-04-16T02:39:58","guid":{"rendered":"http:\/\/demo.bravisthemes.com\/herrington\/?page_id=181"},"modified":"2026-04-12T00:25:24","modified_gmt":"2026-04-12T00:25:24","slug":"felsefemiz","status":"publish","type":"page","link":"https:\/\/bosphorusadvisory.com\/tr\/felsefemiz\/","title":{"rendered":"Felsefemiz"},"content":{"rendered":"\t\t<div data-elementor-type=\"wp-page\" data-elementor-id=\"181\" class=\"elementor elementor-181\">\n\t\t\t\t        <section class=\"elementor-section elementor-top-section elementor-element elementor-element-17377b4 elementor-section-stretched elementor-section-boxed elementor-section-height-default elementor-section-height-default pxl-row-scroll-none pxl-zoom-point-false pxl-section-overflow-visible\" data-id=\"17377b4\" data-element_type=\"section\" data-settings=\"{&quot;stretch_section&quot;:&quot;section-stretched&quot;,&quot;background_background&quot;:&quot;classic&quot;}\">\n\n                            <div class=\"elementor-background-overlay\"><\/div>\n            \n                <div class=\"elementor-container elementor-column-gap-extended \">\n                <div class=\"elementor-column elementor-col-100 elementor-top-column elementor-element elementor-element-49264a9 pxl-column-none pxl-column-overflow-hidden-no\" data-id=\"49264a9\" data-element_type=\"column\">\r\n        <div class=\"elementor-widget-wrap elementor-element-populated\">\r\n                     \r\n        \t\t<div class=\"elementor-element elementor-element-b1031bd elementor-widget elementor-widget-pxl_heading\" data-id=\"b1031bd\" data-element_type=\"widget\" data-widget_type=\"pxl_heading.default\">\n\t\t\t\t<div class=\"elementor-widget-container\">\n\t\t\t\t\t\n<div id=\"pxl-pxl_heading-b1031bd-9110\" class=\"pxl-heading px-sub-title-default-style \">\n\t<div class=\"pxl-heading--inner\">\n\t\t\n\t\t<h3 class=\"pxl-item--title style-default ft-gt highlight-default \" data-wow-delay=\"ms\">\n\t\t\t\t\t\t\tFelsefemiz\t\n\t\t\t\t\n\t\t<\/h3>\n\t\t\n\t<\/div>\n<\/div>\t\t\t\t<\/div>\n\t\t\t\t<\/div>\n\t\t\t\t<div class=\"elementor-element elementor-element-95ded0d elementor-widget elementor-widget-pxl_text_editor\" data-id=\"95ded0d\" data-element_type=\"widget\" data-widget_type=\"pxl_text_editor.default\">\n\t\t\t\t<div class=\"elementor-widget-container\">\n\t\t\t\t\t<div class=\"pxl-text-editor\">\n\t<div class=\"pxl-item--inner  \" data-wow-delay=\"ms\">\n\t\t<p>Kazan\u00e7tan \u00d6nce \u0130lkeler: Bosphorus Advisory\u2019nin Dan\u0131\u015fmanl\u0131k Anlay\u0131\u015f\u0131<\/p>\t\t\n\t<\/div>\n<\/div>\t\t\t\t<\/div>\n\t\t\t\t<\/div>\n\t\t\t\t<div class=\"elementor-element elementor-element-1ade687 elementor-widget-divider--view-line elementor-widget elementor-widget-divider\" data-id=\"1ade687\" data-element_type=\"widget\" data-widget_type=\"divider.default\">\n\t\t\t\t\t\t\t<div class=\"elementor-divider\">\n\t\t\t<span class=\"elementor-divider-separator\">\n\t\t\t\t\t\t<\/span>\n\t\t<\/div>\n\t\t\t\t\t\t<\/div>\n\t\t\t\t<div class=\"elementor-element elementor-element-f67336f elementor-widget-divider--view-line elementor-widget elementor-widget-divider\" data-id=\"f67336f\" data-element_type=\"widget\" data-widget_type=\"divider.default\">\n\t\t\t\t\t\t\t<div class=\"elementor-divider\">\n\t\t\t<span class=\"elementor-divider-separator\">\n\t\t\t\t\t\t<\/span>\n\t\t<\/div>\n\t\t\t\t\t\t<\/div>\n\t\t            <\/div>\r\n        <\/div>\r\n        \t\t\t<\/div>\n\t\t<\/section>\n\t\t        <section class=\"elementor-section elementor-top-section elementor-element elementor-element-635e93e elementor-section-stretched pxl-row-scroll-fixed elementor-section-boxed elementor-section-height-default elementor-section-height-default pxl-zoom-point-false pxl-section-overflow-visible\" data-id=\"635e93e\" data-element_type=\"section\" data-settings=\"{&quot;stretch_section&quot;:&quot;section-stretched&quot;}\">\n\n                \n                <div class=\"elementor-container elementor-column-gap-extended \">\n                <div class=\"elementor-column elementor-col-50 elementor-top-column elementor-element elementor-element-cf42498 pxl-column-sticky pxl-column-overflow-hidden-no\" data-id=\"cf42498\" data-element_type=\"column\">\r\n        <div class=\"elementor-widget-wrap elementor-element-populated\">\r\n                     \r\n        \t\t<div class=\"elementor-element elementor-element-2b29670 ft-gt elementor-widget elementor-widget-pxl_heading\" data-id=\"2b29670\" data-element_type=\"widget\" data-widget_type=\"pxl_heading.default\">\n\t\t\t\t<div class=\"elementor-widget-container\">\n\t\t\t\t\t\n<div id=\"pxl-pxl_heading-2b29670-6977\" class=\"pxl-heading px-sub-title-default-style \">\n\t<div class=\"pxl-heading--inner\">\n\t\t\t\t\t<div class=\"pxl-item--subtitle px-sub-title-default \" data-wow-delay=\"ms\">\n\t\t\t\t<span class=\"pxl-item--subtext\">\n\t\t\t\t\t\t\t\t\t\tfelsefemiz\t\t\t\t<\/span>\n\t\t\t<\/div>\n\t\t\n\t\t<p class=\"pxl-item--title style-default ft-gt highlight-default pxl-split-text split-in-fade\" data-wow-delay=\"ms\">\n\t\t\t\t\t\t\t\u0130\u015f felsefemiz, finansal ba\u015far\u0131 ve etik de\u011ferlerin birbiriyle uyumlu olmas\u0131n\u0131n \u00f6tesinde birbirlerinin ayr\u0131lmaz bir par\u00e7as\u0131 oldu\u011fu inanc\u0131m\u0131za dayanmaktad\u0131r. Bu anlay\u0131\u015fla, gelene\u011fin ve tecr\u00fcbenin gelece\u011fe y\u00f6nelik yenilik\u00e7ilikle kesi\u015fti\u011fi bir noktada hizmetlerimizi sunuyoruz. \t\n\t\t\t\t\n\t\t<\/p>\n\t\t\n\t<\/div>\n<\/div>\t\t\t\t<\/div>\n\t\t\t\t<\/div>\n\t\t\t\t<div class=\"elementor-element elementor-element-138f475 elementor-widget-divider--view-line elementor-widget elementor-widget-divider\" data-id=\"138f475\" data-element_type=\"widget\" data-widget_type=\"divider.default\">\n\t\t\t\t\t\t\t<div class=\"elementor-divider\">\n\t\t\t<span class=\"elementor-divider-separator\">\n\t\t\t\t\t\t<\/span>\n\t\t<\/div>\n\t\t\t\t\t\t<\/div>\n\t\t\t\t<div class=\"elementor-element elementor-element-d557b8a elementor-widget__width-auto elementor-widget elementor-widget-pxl_divider\" data-id=\"d557b8a\" data-element_type=\"widget\" data-widget_type=\"pxl_divider.default\">\n\t\t\t\t<div class=\"elementor-widget-container\">\n\t\t\t\t\t<div class=\"pxl-el-divider \" data-wow-delay=\"ms\"><\/div>\t\t\t\t<\/div>\n\t\t\t\t<\/div>\n\t\t\t\t<div class=\"elementor-element elementor-element-905ea2e elementor-widget elementor-widget-pxl_text_editor\" data-id=\"905ea2e\" data-element_type=\"widget\" data-widget_type=\"pxl_text_editor.default\">\n\t\t\t\t<div class=\"elementor-widget-container\">\n\t\t\t\t\t<div class=\"pxl-text-editor\">\n\t<div class=\"pxl-item--inner  \" data-wow-delay=\"ms\">\n\t\t<p><span style=\"font-weight: 400\">Felsefemizin sac ayaklar\u0131n\u0131 \u015fu \u015fekilde \u00f6zetleyebiliriz:<\/span><\/p><ul><li style=\"font-weight: 400\"><span style=\"font-weight: 400\">\u015eablonlar\u0131n \u00f6tesine ge\u00e7<\/span><\/li><li style=\"font-weight: 400\"><span style=\"font-weight: 400\">Uygulanabilir \u00e7\u00f6z\u00fcmler tasarla<\/span><\/li><li style=\"font-weight: 400\"><span style=\"font-weight: 400\">Dijitalle\u015fme ve fintekten istifade et<\/span><\/li><li style=\"font-weight: 400\"><span style=\"font-weight: 400\">Kat\u0131l\u0131m finansa odaklan<\/span><\/li><li style=\"font-weight: 400\"><span style=\"font-weight: 400\">\u00c7ok tarafl\u0131 fayda \u00fcret<\/span><\/li><\/ul>\t\t\n\t<\/div>\n<\/div>\t\t\t\t<\/div>\n\t\t\t\t<\/div>\n\t\t            <\/div>\r\n        <\/div>\r\n                <div class=\"elementor-column elementor-col-50 elementor-top-column elementor-element elementor-element-3d38234 pxl-column-none pxl-column-overflow-hidden-no\" data-id=\"3d38234\" data-element_type=\"column\">\r\n        <div class=\"elementor-widget-wrap elementor-element-populated\">\r\n                     \r\n        \t\t<div class=\"elementor-element elementor-element-1372ed2 elementor-widget elementor-widget-pxl_icon_box\" data-id=\"1372ed2\" data-element_type=\"widget\" data-widget_type=\"pxl_icon_box.default\">\n\t\t\t\t<div class=\"elementor-widget-container\">\n\t\t\t\t\t<div class=\"pxl-icon-box pxl-icon-box2  style-1\" data-wow-delay=\"ms\">\r\n    <div class=\"pxl-item--inner\">\r\n        <div class=\"content-top\">\r\n                            <div class=\"pxl-item--icon\">\r\n                    <i aria-hidden=\"true\" class=\"bootstrap-icons bi-rainbow\"><\/i>                <\/div>\r\n                                    <h5 class=\"pxl-item--title el-empty\">\u015eablonlar\u0131n \u00f6tesine ge\u00e7<\/h5>\r\n        <\/div>\r\n        \r\n        <div class=\"pxl-item--description el-empty\">Modern i\u015f d\u00fcnyas\u0131nda \"\u015fablonlanm\u0131\u015f\" dan\u0131\u015fmanl\u0131k hizmetlerinin art\u0131k bir doyuma ula\u015ft\u0131\u011f\u0131n\u0131 g\u00f6zlemliyoruz. \u0130\u015fte bizim fark\u0131m\u0131z tam da \u015fablonla\u015fman\u0131n bitti\u011fi yerde ba\u015fl\u0131yor. Her i\u015fletmenin kendine \u00f6zg\u00fc bir \"temel ger\u00e7e\u011fi\" oldu\u011funa inan\u0131yoruz. Bu temel ger\u00e7e\u011fi titizlikle belirleyip stratejilerimizi olu\u015fturuyoruz.<\/div>\r\n        <div class=\"content-bottom\">\r\n            \r\n        <\/div>\r\n    <\/div>\r\n<\/div>\t\t\t\t<\/div>\n\t\t\t\t<\/div>\n\t\t\t\t<div class=\"elementor-element elementor-element-2924990 elementor-widget elementor-widget-pxl_icon_box\" data-id=\"2924990\" data-element_type=\"widget\" data-widget_type=\"pxl_icon_box.default\">\n\t\t\t\t<div class=\"elementor-widget-container\">\n\t\t\t\t\t<div class=\"pxl-icon-box pxl-icon-box2  style-1\" data-wow-delay=\"ms\">\r\n    <div class=\"pxl-item--inner\">\r\n        <div class=\"content-top\">\r\n                            <div class=\"pxl-item--icon\">\r\n                    <svg xmlns=\"http:\/\/www.w3.org\/2000\/svg\" id=\"Capa_1\" height=\"512\" viewBox=\"0 0 512 512\" width=\"512\"><path d=\"m506.57 242.806-76.204-76.223c-7.26-7.25-4.997-15.001 5.007-17.254 0 0 8.263-1.864 18.442-12.042 21.852-21.841 21.831-57.3 0-79.11-21.862-21.851-57.271-21.851-79.133 0-10.178 10.178-12.032 18.431-12.032 18.431-2.253 10.024-10.025 12.267-17.264 4.997l-76.204-76.16c-7.25-7.26-19.128-7.26-26.378 0l-76.194 76.182c-7.239 7.27-4.997 15.042 5.007 17.284 0 0 8.274 1.864 18.442 12.021 21.821 21.841 21.852 57.28 0 79.141-21.841 21.841-57.302 21.82-79.122 0-10.168-10.188-12.032-18.452-12.032-18.452-2.243-10.014-10.025-12.257-17.274-5.007l-76.194 76.203c-7.25 7.25-7.25 19.117 0 26.356l76.194 76.202c7.25 7.25 4.997 15.021-5.007 17.274 0 0-8.263 1.874-18.442 12.042-21.852 21.861-21.852 57.28 0 79.121 21.841 21.841 57.271 21.861 79.122 0 10.189-10.178 12.032-18.431 12.032-18.431 2.253-10.024 10.025-12.267 17.264-4.987l76.204 76.161c7.25 7.26 19.128 7.26 26.378 0l76.214-76.182c7.25-7.25 4.987-15.042-5.007-17.274 0 0-8.284-1.864-18.452-12.021-21.862-21.861-21.852-57.28 0-79.141 21.841-21.841 57.271-21.872 79.122 0 10.178 10.178 12.021 18.452 12.021 18.452 2.263 10.024 10.025 12.277 17.285 5.028l76.204-76.223c7.241-7.27 7.241-19.138.001-26.388z\"><\/path><\/svg>                <\/div>\r\n                                    <h5 class=\"pxl-item--title el-empty\">Uygulanabilir \u00e7\u00f6z\u00fcmler tasarla<\/h5>\r\n        <\/div>\r\n        \r\n        <div class=\"pxl-item--description el-empty\">Amac\u0131m\u0131z, stat\u00fckoyu korumaya y\u00f6nelik tali tavsiyeler sunmak yerine, i\u015fletmeniz i\u00e7in ger\u00e7ek\u00e7i ve uygulanabilir \u00e7\u00f6z\u00fcmler \u00fcretmektir. B\u00fct\u00fcnc\u00fcl yakla\u015f\u0131m\u0131m\u0131z, duymak istedi\u011finiz \u015feyleri s\u00f6ylemek yerine, ger\u00e7ekten ihtiyac\u0131n\u0131z olan\u0131 g\u00f6stermemizi sa\u011flar.<\/div>\r\n        <div class=\"content-bottom\">\r\n            \r\n        <\/div>\r\n    <\/div>\r\n<\/div>\t\t\t\t<\/div>\n\t\t\t\t<\/div>\n\t\t\t\t<div class=\"elementor-element elementor-element-493286f elementor-widget elementor-widget-pxl_icon_box\" data-id=\"493286f\" data-element_type=\"widget\" data-widget_type=\"pxl_icon_box.default\">\n\t\t\t\t<div class=\"elementor-widget-container\">\n\t\t\t\t\t<div class=\"pxl-icon-box pxl-icon-box2  style-1\" data-wow-delay=\"ms\">\r\n    <div class=\"pxl-item--inner\">\r\n        <div class=\"content-top\">\r\n                            <div class=\"pxl-item--icon\">\r\n                    <i aria-hidden=\"true\" class=\"bootstrap-icons bi-cpu-fill\"><\/i>                <\/div>\r\n                                    <h5 class=\"pxl-item--title el-empty\">Dijitalle\u015fme ve fintekten istifade et<\/h5>\r\n        <\/div>\r\n        \r\n        <div class=\"pxl-item--description el-empty\">Dijitalle\u015fmeyi i\u015fletmeler i\u00e7in bir zorunluluk, finteki ise finans\u0131n gelece\u011fi olarak g\u00f6r\u00fcyoruz. Geli\u015fmi\u015f dijital \u00e7\u00f6z\u00fcmler ile i\u015fletmenizi bug\u00fcnden gelece\u011fe ta\u015f\u0131yoruz. Felsefemiz, dijitalle\u015fmeyi ve fintekin sundu\u011fu f\u0131rsatlardan yararlanmay\u0131 i\u015fletmenizin rekabet g\u00fcc\u00fc i\u00e7in stratejik bir \u00e7arpan olarak g\u00f6r\u00fcyor.<\/div>\r\n        <div class=\"content-bottom\">\r\n            \r\n        <\/div>\r\n    <\/div>\r\n<\/div>\t\t\t\t<\/div>\n\t\t\t\t<\/div>\n\t\t\t\t<div class=\"elementor-element elementor-element-f89b8f7 elementor-widget elementor-widget-pxl_icon_box\" data-id=\"f89b8f7\" data-element_type=\"widget\" data-widget_type=\"pxl_icon_box.default\">\n\t\t\t\t<div class=\"elementor-widget-container\">\n\t\t\t\t\t<div class=\"pxl-icon-box pxl-icon-box2  style-1\" data-wow-delay=\"ms\">\r\n    <div class=\"pxl-item--inner\">\r\n        <div class=\"content-top\">\r\n                            <div class=\"pxl-item--icon\">\r\n                    <svg xmlns=\"http:\/\/www.w3.org\/2000\/svg\" id=\"Layer_1\" height=\"512\" viewBox=\"0 0 66 66\" width=\"512\"><g><g><path d=\"m17.3 18.2c3.6 0 6.3-3.9 6.3-7.3 0-3.5-2.8-6.3-6.3-6.3s-6.3 2.8-6.3 6.3c-.1 3.4 2.7 7.3 6.3 7.3z\"><\/path><\/g><g><path d=\"m40.3 19.2c-.2 0-2 .3-18.4.5-.4 0-.7.2-.9.6-.8 1.8-1.9 3.4-3.1 4.9h-1.3c-1.3-1.5-2.3-3.2-3.1-4.9-.2-.3-.5-.6-.9-.6h-4.2c-3.2 0-5.7 2.6-5.7 5.7v15c0 1.6 1.3 3 3 3h2.9v20.6c0 .5.4 1 1 1h4.9c.5 0 .9-.4 1-.9l1-17.6h1.5l1 17.6c0 .5.5.9 1 .9h4.9c.5 0 1-.4 1-1l-.1-33c0-.8.3-1.5.9-1.9 2.8-2.4 10.4-1.9 14.1-3 2.4-.7 3.1-2.5 3-3.8-.2-2.1-2.1-3.3-3.5-3.1z\"><\/path><\/g><g><path d=\"m62.9 8.4-5.8-5.5c-.2-.2-.4-.3-.7-.3h-14.4v-.6c0-.5-.4-1-1-1-.5 0-1 .5-1 1v15.2h.6c.5 0 1 .1 1.4.2v-1.8h14.4c.3 0 .5-.1.7-.3l5.8-5.5c.2-.2.3-.4.3-.7s-.1-.5-.3-.7z\"><\/path><\/g><g><path d=\"m40 28.2v35.8c0 .6.5 1 1 1 .6 0 1-.4 1-1v-36.3c-.2.1-.4.2-.7.2-.4.1-.8.2-1.3.3z\"><\/path><\/g><\/g><\/svg>                <\/div>\r\n                                    <h5 class=\"pxl-item--title el-empty\">Kat\u0131l\u0131m finansa odaklan<\/h5>\r\n        <\/div>\r\n        \r\n        <div class=\"pxl-item--description el-empty\">Finansman, sermaye piyasalar\u0131, sigortac\u0131l\u0131k ve sosyal finans\u0131 kapsayan kat\u0131l\u0131m finans ekosisteminin potansiyeline inan\u0131yoruz. Sunaca\u011f\u0131m\u0131z kat\u0131l\u0131m finans \u00e7\u00f6z\u00fcmlerinin i\u015fletmenizin t\u00fcm finansal ihtiya\u00e7lar\u0131n\u0131 etkili bir \u015fekilde kar\u015f\u0131layabilece\u011fini sizlere g\u00f6stermek istiyoruz.<\/div>\r\n        <div class=\"content-bottom\">\r\n            \r\n        <\/div>\r\n    <\/div>\r\n<\/div>\t\t\t\t<\/div>\n\t\t\t\t<\/div>\n\t\t\t\t<div class=\"elementor-element elementor-element-f2a5916 elementor-widget elementor-widget-pxl_icon_box\" data-id=\"f2a5916\" data-element_type=\"widget\" data-widget_type=\"pxl_icon_box.default\">\n\t\t\t\t<div class=\"elementor-widget-container\">\n\t\t\t\t\t<div class=\"pxl-icon-box pxl-icon-box2  style-1\" data-wow-delay=\"ms\">\r\n    <div class=\"pxl-item--inner\">\r\n        <div class=\"content-top\">\r\n                            <div class=\"pxl-item--icon\">\r\n                    <svg xmlns=\"http:\/\/www.w3.org\/2000\/svg\" xmlns:xlink=\"http:\/\/www.w3.org\/1999\/xlink\" width=\"39\" height=\"49\" viewBox=\"0 0 39 49\"><image id=\"checklist\" width=\"39\" height=\"49\" xlink:href=\"data:img\/png;base64,iVBORw0KGgoAAAANSUhEUgAAACcAAAAxCAYAAABZLLCzAAACjElEQVRYhe2ZPWgUQRiGn9ypoGeUqEWMioJFVAQNgogBUYiIP4TYxEICNnaWgiZdKpEg2FgrCBZaKJhCUYMKKqlESG8kRexEUXOgRvmOd2Fc9+725ma9g+wDgZu7uW8f5mZm5812rNvcSwrWAnuAQprOdVgE3gGf63VclqLYMeAusCaAWMQXYBh4XKtTfOSWAyXgJ\/AVKAJzwMaAYhHzwBbgF7BaA\/UN+BF1iH6mHcAjoAx8Aib1fk9GYqhuj15P6rpleZhPxXYr8BroSihQzEisWv2CppH59FljtIpYKzGfUZPrT5CIFspHYCEjyQXVp8rC7De5zoQPejXkNgfGM5IbV\/2irhens9pWsgEYAW4BV4Fp4FDAfe4l8FztEV3vH2wrmdWiiGPL+pRTJAsOa6WWEmp\/qLUJ2xemgAfAE82P3wEEO4Bu4CgwpHYi9e4Q9sXT+vvvhJhDmZHL+ZLL+ZLL+ZLL+bLk5SzMnAfOKI+kJk36agY7UB7XsdtYBdxMWy\/LkbMUNeiI4QSaVGQlt6hc+tR5bx9wKWu5ZzoZ1+KczoEROxX5GgrmjcpdBwaAA8DFKn0uALed9jYdVhOP4iHlppzX14CzbkIHxoAbTrtbP+2mRsV85C7H0tod4KS2CwtCV5zPujRi233E8NhKDgIvgBNO5jSBvcCs06+kObbbVwzPBdEHvIllzfdO+FkBPAT2NyPmK2fYJH+lkXSxgHwPONKsWDNyxnpN9iG1iwrhgyHECHD7Wgncl6Tt\/rsCeVUIdW8dCFTnL5b8kcmbXM6XXM6XXM6Xgv5p3I6UTW6mTeVmTG5Cz7raCfOZKCisDDuHx1ZjHuYz7T41tCeGdpC04NsqvgNvK7kE+AN9fme7vjumCgAAAABJRU5ErkJggg==\"><\/image><\/svg>                <\/div>\r\n                                    <h5 class=\"pxl-item--title el-empty\">\u00c7ok tarafl\u0131 fayda \u00fcret<\/h5>\r\n        <\/div>\r\n        \r\n        <div class=\"pxl-item--description el-empty\">\u00c7al\u0131\u015fma modelimiz ve sundu\u011fumuz \u00e7\u00f6z\u00fcmler \u00e7ok tarafl\u0131 fayda ilkesine dayan\u0131yor. T\u00fcm temel payda\u015flar\u0131m\u0131z\u0131n (i\u015fletmeler, finansal kurulu\u015flar, yat\u0131r\u0131mc\u0131lar) \u00e7\u0131karlar\u0131n\u0131n birle\u015fti\u011fi senkronize bir ekosistem olu\u015fturuyoruz. Temel payda\u015flar\u0131m\u0131za \u015fu kazan-kazan neticelerini sunmak istiyoruz: <br> <br>\n\u2022\t\u0130\u015fletmelerin \u00f6l\u00e7eklenmesi ve \"en uygun finansman\u0131\" bulmalar\u0131 i\u00e7in gerekli stratejik dan\u0131\u015fmanl\u0131\u011f\u0131 sa\u011flamak. <br>\n\u2022\tFinansal kurulu\u015flar i\u00e7in do\u011fru bilgiyi ve potansiyeli y\u00fcksek finansman sa\u011flama f\u0131rsatlar\u0131 sunmak. <br>\n\u2022\tYat\u0131r\u0131mc\u0131lar i\u00e7in gelecek vadeden i\u015fletmelere ili\u015fkin y\u00fcksek getirili yat\u0131r\u0131m olanaklar\u0131n\u0131 \u015feffaf bir \u015fekilde sunmak.<\/div>\r\n        <div class=\"content-bottom\">\r\n            \r\n        <\/div>\r\n    <\/div>\r\n<\/div>\t\t\t\t<\/div>\n\t\t\t\t<\/div>\n\t\t            <\/div>\r\n        <\/div>\r\n        \t\t\t<\/div>\n\t\t<\/section>\n\t\t<div class=\"elementor-element elementor-element-75caa9a e-flex e-con-boxed e-con e-parent \" data-id=\"75caa9a\" data-element_type=\"container\">\t\t\t<div class=\"e-con-inner\">\r\n\t\t\t\t<div class=\"elementor-element elementor-element-3d09884 elementor-widget elementor-widget-spacer\" data-id=\"3d09884\" data-element_type=\"widget\" data-widget_type=\"spacer.default\">\n\t\t\t\t\t\t\t<div class=\"elementor-spacer\">\n\t\t\t<div class=\"elementor-spacer-inner\"><\/div>\n\t\t<\/div>\n\t\t\t\t\t\t<\/div>\n\t\t\t\t\t<\/div>\r\n\t\t\t\t<\/div>\r\n\t\t\t\t<\/div>\n\t\t","protected":false},"excerpt":{"rendered":"<p>Our Philosophy Kazan\u00e7tan \u00d6nce \u0130lkeler: Bosphorus Advisory\u2019nin Dan\u0131\u015fmanl\u0131k Anlay\u0131\u015f\u0131 felsefemiz \u0130\u015f felsefemiz, finansal ba\u015far\u0131 ve etik de\u011ferlerin birbiriyle uyumlu olmas\u0131n\u0131n \u00f6tesinde birbirlerinin ayr\u0131lmaz bir par\u00e7as\u0131 oldu\u011fu inanc\u0131m\u0131za dayanmaktad\u0131r. Bu anlay\u0131\u015fla, gelene\u011fin ve tecr\u00fcbenin gelece\u011fe y\u00f6nelik yenilik\u00e7ilikle kesi\u015fti\u011fi bir noktada hizmetlerimizi sunuyoruz. Felsefemizin sac ayaklar\u0131n\u0131 \u015fu \u015fekilde \u00f6zetleyebiliriz: \u015eablonlar\u0131n \u00f6tesine ge\u00e7 Uygulanabilir \u00e7\u00f6z\u00fcmler tasarla Dijitalle\u015fme ve [&hellip;]<\/p>\n","protected":false},"author":1,"featured_media":0,"parent":0,"menu_order":0,"comment_status":"closed","ping_status":"closed","template":"","meta":{"footnotes":""},"class_list":["post-181","page","type-page","status-publish","hentry"],"_links":{"self":[{"href":"https:\/\/bosphorusadvisory.com\/tr\/wp-json\/wp\/v2\/pages\/181","targetHints":{"allow":["GET"]}}],"collection":[{"href":"https:\/\/bosphorusadvisory.com\/tr\/wp-json\/wp\/v2\/pages"}],"about":[{"href":"https:\/\/bosphorusadvisory.com\/tr\/wp-json\/wp\/v2\/types\/page"}],"author":[{"embeddable":true,"href":"https:\/\/bosphorusadvisory.com\/tr\/wp-json\/wp\/v2\/users\/1"}],"replies":[{"embeddable":true,"href":"https:\/\/bosphorusadvisory.com\/tr\/wp-json\/wp\/v2\/comments?post=181"}],"version-history":[{"count":49,"href":"https:\/\/bosphorusadvisory.com\/tr\/wp-json\/wp\/v2\/pages\/181\/revisions"}],"predecessor-version":[{"id":22108,"href":"https:\/\/bosphorusadvisory.com\/tr\/wp-json\/wp\/v2\/pages\/181\/revisions\/22108"}],"wp:attachment":[{"href":"https:\/\/bosphorusadvisory.com\/tr\/wp-json\/wp\/v2\/media?parent=181"}],"curies":[{"name":"wp","href":"https:\/\/api.w.org\/{rel}","templated":true}]}}