{"id":17438,"date":"2026-01-04T01:31:03","date_gmt":"2026-01-04T01:31:03","guid":{"rendered":"http:\/\/demo.bravisthemes.com\/herrington\/?page_id=17438"},"modified":"2026-04-12T00:29:48","modified_gmt":"2026-04-12T00:29:48","slug":"yurtdisi-finansal-eslestirme","status":"publish","type":"page","link":"https:\/\/bosphorusadvisory.com\/tr\/yurtdisi-finansal-eslestirme\/","title":{"rendered":"Yurtd\u0131\u015f\u0131 Finansal E\u015fle\u015ftirme"},"content":{"rendered":"\t\t<div data-elementor-type=\"wp-page\" data-elementor-id=\"17438\" class=\"elementor elementor-17438\">\n\t\t\t\t        <section class=\"elementor-section elementor-top-section elementor-element elementor-element-9f7ec19 elementor-section-stretched elementor-section-boxed elementor-section-height-default elementor-section-height-default pxl-row-scroll-none pxl-zoom-point-false pxl-section-overflow-visible\" data-id=\"9f7ec19\" data-element_type=\"section\" data-settings=\"{&quot;stretch_section&quot;:&quot;section-stretched&quot;}\">\n\n                \n                <div class=\"elementor-container elementor-column-gap-extended \">\n                <div class=\"elementor-column elementor-col-50 elementor-top-column elementor-element elementor-element-586fd11 pxl-column-none pxl-column-overflow-hidden-no\" data-id=\"586fd11\" data-element_type=\"column\">\r\n        <div class=\"elementor-widget-wrap elementor-element-populated\">\r\n                     \r\n        \t\t<div class=\"elementor-element elementor-element-5bbc055 elementor-widget elementor-widget-pxl_image\" data-id=\"5bbc055\" data-element_type=\"widget\" data-widget_type=\"pxl_image.default\">\n\t\t\t\t<div class=\"elementor-widget-container\">\n\t\t\t\t\t<div id=\"pxl_image-5bbc055-2024\" class=\"pxl-image-single df pxl-disable-parallax-sm pxl-hide-sr-lg  \" data-wow-delay=\"ms\"  >\r\n    <div class=\"pxl-item--inner\" data-wow-delay=\"120ms\">\r\n        \r\n                    <div class=\"pxl-item--bg bg-image df\" style=\"background-image: url(https:\/\/bosphorusadvisory.com\/tr\/wp-content\/uploads\/2026\/02\/Adsiz-tasarim-12.jpg);\">\r\n                            <\/div>\r\n                \r\n    <\/div>\r\n<\/div>\t\t\t\t<\/div>\n\t\t\t\t<\/div>\n\t\t            <\/div>\r\n        <\/div>\r\n                <div class=\"elementor-column elementor-col-50 elementor-top-column elementor-element elementor-element-b6136ef pxl-column-none pxl-column-overflow-hidden-no\" data-id=\"b6136ef\" data-element_type=\"column\">\r\n        <div class=\"elementor-widget-wrap elementor-element-populated\">\r\n                     \r\n        \t\t<div class=\"elementor-element elementor-element-33fcaf2 ft-gt elementor-widget elementor-widget-pxl_heading\" data-id=\"33fcaf2\" data-element_type=\"widget\" data-widget_type=\"pxl_heading.default\">\n\t\t\t\t<div class=\"elementor-widget-container\">\n\t\t\t\t\t\n<div id=\"pxl-pxl_heading-33fcaf2-4263\" class=\"pxl-heading px-sub-title-default-style \">\n\t<div class=\"pxl-heading--inner\">\n\t\t\n\t\t<h3 class=\"pxl-item--title style-default  highlight-default pxl-split-text split-in-fade\" data-wow-delay=\"ms\">\n\t\t\t\t\t\t\tYurtd\u0131\u015f\u0131 Finansal E\u015fle\u015ftirme\t\n\t\t\t\t\n\t\t<\/h3>\n\t\t\n\t<\/div>\n<\/div>\t\t\t\t<\/div>\n\t\t\t\t<\/div>\n\t\t\t\t<div class=\"elementor-element elementor-element-6fc12e0 elementor-widget elementor-widget-pxl_text_editor\" data-id=\"6fc12e0\" data-element_type=\"widget\" data-widget_type=\"pxl_text_editor.default\">\n\t\t\t\t<div class=\"elementor-widget-container\">\n\t\t\t\t\t<div class=\"pxl-text-editor\">\n\t<div class=\"pxl-item--inner  \" data-wow-delay=\"ms\">\n\t\t<p><span style=\"font-weight: 400\">Faaliyet alanlar\u0131m\u0131z aras\u0131nda, bizi \u00f6zel k\u0131lan hizmetlerden biri de i\u015fletmeleri ve finansal kurulu\u015flar\u0131 yurtd\u0131\u015f\u0131ndaki finansal kaynaklarla e\u015fle\u015ftirmek yer al\u0131yor.<\/span><\/p><p><span style=\"font-weight: 400\">\u0130\u015fletmeleri yabanc\u0131 finansal kaynaklarla e\u015fle\u015ftirme kapsam\u0131nda d\u00f6rt alanda hizmet vermekteyiz:<\/span><\/p>\t\t\n\t<\/div>\n<\/div>\t\t\t\t<\/div>\n\t\t\t\t<\/div>\n\t\t            <\/div>\r\n        <\/div>\r\n        \t\t\t<\/div>\n\t\t<\/section>\n\t\t<div class=\"elementor-element elementor-element-87182ad e-flex e-con-boxed e-con e-parent \" data-id=\"87182ad\" data-element_type=\"container\">\t\t\t<div class=\"e-con-inner\">\r\n\t\t\t\t\t<\/div>\r\n\t\t\t\t<\/div>\r\n\t\t        <section class=\"elementor-section elementor-top-section elementor-element elementor-element-15dde2e elementor-section-boxed elementor-section-height-default elementor-section-height-default pxl-row-scroll-none pxl-zoom-point-false pxl-section-overflow-visible\" data-id=\"15dde2e\" data-element_type=\"section\">\n\n                \n                <div class=\"elementor-container elementor-column-gap-default \">\n                <div class=\"elementor-column elementor-col-100 elementor-top-column elementor-element elementor-element-a317b52 pxl-column-none pxl-column-overflow-hidden-no\" data-id=\"a317b52\" data-element_type=\"column\">\r\n        <div class=\"elementor-widget-wrap elementor-element-populated\">\r\n                     \r\n                <section class=\"elementor-section elementor-inner-section elementor-element elementor-element-006d6fb elementor-section-full_width elementor-section-height-default elementor-section-height-default pxl-row-scroll-none pxl-zoom-point-false pxl-section-overflow-visible pxl-full-content-with-space-none\" data-id=\"006d6fb\" data-element_type=\"section\">\n\n                \n                <div class=\"elementor-container elementor-column-gap-default \">\n                <div class=\"elementor-column elementor-col-25 elementor-inner-column elementor-element elementor-element-719074f pxl-column-none pxl-column-overflow-hidden-no\" data-id=\"719074f\" data-element_type=\"column\" data-settings=\"{&quot;background_background&quot;:&quot;classic&quot;}\">\r\n        <div class=\"elementor-widget-wrap elementor-element-populated\">\r\n                     \r\n        \t\t<div class=\"elementor-element elementor-element-d4876d4 elementor-widget__width-auto elementor-widget elementor-widget-pxl_icon\" data-id=\"d4876d4\" data-element_type=\"widget\" data-widget_type=\"pxl_icon.default\">\n\t\t\t\t<div class=\"elementor-widget-container\">\n\t\t\t\t\t    <div class=\"pxl-icon-list pxl-icon1  style-2  \" data-wow-delay=\"ms\">\r\n                                    <a class=\"elementor-repeater-item-beda26c \" >\r\n                                        <svg xmlns=\"http:\/\/www.w3.org\/2000\/svg\" height=\"434pt\" viewBox=\"0 -65 434.67733 434\" width=\"434pt\"><path d=\"m152.003906 304.34375c-5.460937 0-10.921875-2.089844-15.082031-6.25l-130.664063-130.667969c-8.34375-8.339843-8.34375-21.824219 0-30.164062 8.339844-8.339844 21.820313-8.339844 30.164063 0l115.582031 115.582031 246.253906-246.25c8.339844-8.339844 21.820313-8.339844 30.164063 0 8.339844 8.34375 8.339844 21.824219 0 30.167969l-261.332031 261.332031c-4.160156 4.160156-9.625 6.25-15.085938 6.25zm0 0\"><\/path><\/svg>                                                        <\/a>\r\n                        <\/div>\r\n    \t\t\t\t<\/div>\n\t\t\t\t<\/div>\n\t\t\t\t<div class=\"elementor-element elementor-element-b38efa2 elementor-widget elementor-widget-pxl_text_editor\" data-id=\"b38efa2\" data-element_type=\"widget\" data-widget_type=\"pxl_text_editor.default\">\n\t\t\t\t<div class=\"elementor-widget-container\">\n\t\t\t\t\t<div class=\"pxl-text-editor\">\n\t<div class=\"pxl-item--inner  ft-gt\" data-wow-delay=\"ms\">\n\t\t<p><span style=\"font-weight: 400\">Yerli finansal kurulu\u015flar taraf\u0131ndan \u00e7\u0131kar\u0131lan finansal \u00fcr\u00fcnler i\u00e7in uluslararas\u0131 yat\u0131r\u0131mc\u0131lar bulmak ve\/veya sukuk ihra\u00e7 etmek isteyen i\u015fletmeler i\u00e7in potansiyel uluslararas\u0131 yat\u0131r\u0131mc\u0131lar\u0131 bulmak ve sukuk yap\u0131lar\u0131n\u0131 bu yat\u0131r\u0131mc\u0131lar\u0131n ihtiya\u00e7lar\u0131na g\u00f6re yeniden yap\u0131land\u0131rmak.<\/span><\/p>\t\t\n\t<\/div>\n<\/div>\t\t\t\t<\/div>\n\t\t\t\t<\/div>\n\t\t            <\/div>\r\n        <\/div>\r\n                <div class=\"elementor-column elementor-col-25 elementor-inner-column elementor-element elementor-element-bdaf77b pxl-column-none pxl-column-overflow-hidden-no\" data-id=\"bdaf77b\" data-element_type=\"column\">\r\n        <div class=\"elementor-widget-wrap elementor-element-populated\">\r\n                     \r\n        \t\t<div class=\"elementor-element elementor-element-f1ff6ff elementor-widget__width-auto elementor-widget elementor-widget-pxl_icon\" data-id=\"f1ff6ff\" data-element_type=\"widget\" data-widget_type=\"pxl_icon.default\">\n\t\t\t\t<div class=\"elementor-widget-container\">\n\t\t\t\t\t    <div class=\"pxl-icon-list pxl-icon1  style-2  \" data-wow-delay=\"ms\">\r\n                                    <a class=\"elementor-repeater-item-beda26c \" >\r\n                                        <svg xmlns=\"http:\/\/www.w3.org\/2000\/svg\" height=\"434pt\" viewBox=\"0 -65 434.67733 434\" width=\"434pt\"><path d=\"m152.003906 304.34375c-5.460937 0-10.921875-2.089844-15.082031-6.25l-130.664063-130.667969c-8.34375-8.339843-8.34375-21.824219 0-30.164062 8.339844-8.339844 21.820313-8.339844 30.164063 0l115.582031 115.582031 246.253906-246.25c8.339844-8.339844 21.820313-8.339844 30.164063 0 8.339844 8.34375 8.339844 21.824219 0 30.167969l-261.332031 261.332031c-4.160156 4.160156-9.625 6.25-15.085938 6.25zm0 0\"><\/path><\/svg>                                                        <\/a>\r\n                        <\/div>\r\n    \t\t\t\t<\/div>\n\t\t\t\t<\/div>\n\t\t\t\t<div class=\"elementor-element elementor-element-5f9bb22 elementor-widget elementor-widget-pxl_text_editor\" data-id=\"5f9bb22\" data-element_type=\"widget\" data-widget_type=\"pxl_text_editor.default\">\n\t\t\t\t<div class=\"elementor-widget-container\">\n\t\t\t\t\t<div class=\"pxl-text-editor\">\n\t<div class=\"pxl-item--inner  ft-gt\" data-wow-delay=\"ms\">\n\t\t<p><span style=\"font-weight: 400\">Yurt d\u0131\u015f\u0131nda faaliyet g\u00f6steren melek yat\u0131r\u0131mc\u0131lar\u0131, yat\u0131r\u0131m bankalar\u0131n\u0131 ve giri\u015fim sermayesi a\u011flar\u0131n\u0131, T\u00fcrkiye&#8217;deki kat\u0131l\u0131m esasl\u0131 olarak faaliyet g\u00f6steren i\u015fletmelerle e\u015fle\u015ftirmek.<\/span><\/p>\t\t\n\t<\/div>\n<\/div>\t\t\t\t<\/div>\n\t\t\t\t<\/div>\n\t\t            <\/div>\r\n        <\/div>\r\n                <div class=\"elementor-column elementor-col-25 elementor-inner-column elementor-element elementor-element-d3446af pxl-column-none pxl-column-overflow-hidden-no\" data-id=\"d3446af\" data-element_type=\"column\" data-settings=\"{&quot;background_background&quot;:&quot;classic&quot;}\">\r\n        <div class=\"elementor-widget-wrap elementor-element-populated\">\r\n                     \r\n        \t\t<div class=\"elementor-element elementor-element-86685e1 elementor-widget__width-auto elementor-widget elementor-widget-pxl_icon\" data-id=\"86685e1\" data-element_type=\"widget\" data-widget_type=\"pxl_icon.default\">\n\t\t\t\t<div class=\"elementor-widget-container\">\n\t\t\t\t\t    <div class=\"pxl-icon-list pxl-icon1  style-2  \" data-wow-delay=\"ms\">\r\n                                    <a class=\"elementor-repeater-item-beda26c \" >\r\n                                        <svg xmlns=\"http:\/\/www.w3.org\/2000\/svg\" height=\"434pt\" viewBox=\"0 -65 434.67733 434\" width=\"434pt\"><path d=\"m152.003906 304.34375c-5.460937 0-10.921875-2.089844-15.082031-6.25l-130.664063-130.667969c-8.34375-8.339843-8.34375-21.824219 0-30.164062 8.339844-8.339844 21.820313-8.339844 30.164063 0l115.582031 115.582031 246.253906-246.25c8.339844-8.339844 21.820313-8.339844 30.164063 0 8.339844 8.34375 8.339844 21.824219 0 30.167969l-261.332031 261.332031c-4.160156 4.160156-9.625 6.25-15.085938 6.25zm0 0\"><\/path><\/svg>                                                        <\/a>\r\n                        <\/div>\r\n    \t\t\t\t<\/div>\n\t\t\t\t<\/div>\n\t\t\t\t<div class=\"elementor-element elementor-element-c57fe32 elementor-widget elementor-widget-pxl_text_editor\" data-id=\"c57fe32\" data-element_type=\"widget\" data-widget_type=\"pxl_text_editor.default\">\n\t\t\t\t<div class=\"elementor-widget-container\">\n\t\t\t\t\t<div class=\"pxl-text-editor\">\n\t<div class=\"pxl-item--inner  ft-gt\" data-wow-delay=\"ms\">\n\t\t<p><span style=\"font-weight: 400\">Finansal kurulu\u015flar ve\/veya kolektif yat\u0131r\u0131m kurulu\u015flar\u0131 (yat\u0131r\u0131m fonlar\u0131 ve yat\u0131r\u0131m ortakl\u0131klar\u0131) i\u00e7in yabanc\u0131 finansal kaynaklar\u0131n temin edilmesine y\u00f6nelik \u00e7al\u0131\u015fmalar yapmak. \u00d6rne\u011fin, kitle fonlama giri\u015fim sermayesi fonlar\u0131 i\u00e7in piyasa yap\u0131c\u0131 olarak hareket etmek \u00fczere yurtd\u0131\u015f\u0131ndan fon temin edilmesine y\u00f6nelik \u00e7al\u0131\u015fmalar yap\u0131lmas\u0131.<\/span><\/p>\t\t\n\t<\/div>\n<\/div>\t\t\t\t<\/div>\n\t\t\t\t<\/div>\n\t\t            <\/div>\r\n        <\/div>\r\n                <div class=\"elementor-column elementor-col-25 elementor-inner-column elementor-element elementor-element-28547ed pxl-column-none pxl-column-overflow-hidden-no\" data-id=\"28547ed\" data-element_type=\"column\">\r\n        <div class=\"elementor-widget-wrap elementor-element-populated\">\r\n                     \r\n        \t\t<div class=\"elementor-element elementor-element-1c5021e elementor-widget__width-auto elementor-widget elementor-widget-pxl_icon\" data-id=\"1c5021e\" data-element_type=\"widget\" data-widget_type=\"pxl_icon.default\">\n\t\t\t\t<div class=\"elementor-widget-container\">\n\t\t\t\t\t    <div class=\"pxl-icon-list pxl-icon1  style-2  \" data-wow-delay=\"ms\">\r\n                                    <a class=\"elementor-repeater-item-beda26c \" >\r\n                                        <svg xmlns=\"http:\/\/www.w3.org\/2000\/svg\" height=\"434pt\" viewBox=\"0 -65 434.67733 434\" width=\"434pt\"><path d=\"m152.003906 304.34375c-5.460937 0-10.921875-2.089844-15.082031-6.25l-130.664063-130.667969c-8.34375-8.339843-8.34375-21.824219 0-30.164062 8.339844-8.339844 21.820313-8.339844 30.164063 0l115.582031 115.582031 246.253906-246.25c8.339844-8.339844 21.820313-8.339844 30.164063 0 8.339844 8.34375 8.339844 21.824219 0 30.167969l-261.332031 261.332031c-4.160156 4.160156-9.625 6.25-15.085938 6.25zm0 0\"><\/path><\/svg>                                                        <\/a>\r\n                        <\/div>\r\n    \t\t\t\t<\/div>\n\t\t\t\t<\/div>\n\t\t\t\t<div class=\"elementor-element elementor-element-f324e58 elementor-widget elementor-widget-pxl_text_editor\" data-id=\"f324e58\" data-element_type=\"widget\" data-widget_type=\"pxl_text_editor.default\">\n\t\t\t\t<div class=\"elementor-widget-container\">\n\t\t\t\t\t<div class=\"pxl-text-editor\">\n\t<div class=\"pxl-item--inner  ft-gt\" data-wow-delay=\"ms\">\n\t\t<p><span style=\"font-weight: 400\">\u0130\u015fletmelerin yurtd\u0131\u015f\u0131ndan finansman elde etmesine y\u00f6nelik sunumlar (roadshow) d\u00fczenlemek; yabanc\u0131 yat\u0131r\u0131mc\u0131lar i\u00e7in yurti\u00e7i geziler ve etkinlikler organize etmek.<\/span><\/p>\t\t\n\t<\/div>\n<\/div>\t\t\t\t<\/div>\n\t\t\t\t<\/div>\n\t\t            <\/div>\r\n        <\/div>\r\n        \t\t\t<\/div>\n\t\t<\/section>\n\t\t            <\/div>\r\n        <\/div>\r\n        \t\t\t<\/div>\n\t\t<\/section>\n\t\t<div class=\"elementor-element elementor-element-a3152a5 e-flex e-con-boxed e-con e-parent \" data-id=\"a3152a5\" data-element_type=\"container\">\t\t\t<div class=\"e-con-inner\">\r\n\t\t\t\t\t<\/div>\r\n\t\t\t\t<\/div>\r\n\t\t\t\t<\/div>\n\t\t","protected":false},"excerpt":{"rendered":"<p>Yurtd\u0131\u015f\u0131 Finansal E\u015fle\u015ftirme Faaliyet alanlar\u0131m\u0131z aras\u0131nda, bizi \u00f6zel k\u0131lan hizmetlerden biri de i\u015fletmeleri ve finansal kurulu\u015flar\u0131 yurtd\u0131\u015f\u0131ndaki finansal kaynaklarla e\u015fle\u015ftirmek yer al\u0131yor. \u0130\u015fletmeleri yabanc\u0131 finansal kaynaklarla e\u015fle\u015ftirme kapsam\u0131nda d\u00f6rt alanda hizmet vermekteyiz: Yerli finansal kurulu\u015flar taraf\u0131ndan \u00e7\u0131kar\u0131lan finansal \u00fcr\u00fcnler i\u00e7in uluslararas\u0131 yat\u0131r\u0131mc\u0131lar bulmak ve\/veya sukuk ihra\u00e7 etmek isteyen i\u015fletmeler i\u00e7in potansiyel uluslararas\u0131 yat\u0131r\u0131mc\u0131lar\u0131 bulmak ve [&hellip;]<\/p>\n","protected":false},"author":1,"featured_media":0,"parent":0,"menu_order":0,"comment_status":"closed","ping_status":"closed","template":"","meta":{"footnotes":""},"class_list":["post-17438","page","type-page","status-publish","hentry"],"_links":{"self":[{"href":"https:\/\/bosphorusadvisory.com\/tr\/wp-json\/wp\/v2\/pages\/17438","targetHints":{"allow":["GET"]}}],"collection":[{"href":"https:\/\/bosphorusadvisory.com\/tr\/wp-json\/wp\/v2\/pages"}],"about":[{"href":"https:\/\/bosphorusadvisory.com\/tr\/wp-json\/wp\/v2\/types\/page"}],"author":[{"embeddable":true,"href":"https:\/\/bosphorusadvisory.com\/tr\/wp-json\/wp\/v2\/users\/1"}],"replies":[{"embeddable":true,"href":"https:\/\/bosphorusadvisory.com\/tr\/wp-json\/wp\/v2\/comments?post=17438"}],"version-history":[{"count":51,"href":"https:\/\/bosphorusadvisory.com\/tr\/wp-json\/wp\/v2\/pages\/17438\/revisions"}],"predecessor-version":[{"id":22117,"href":"https:\/\/bosphorusadvisory.com\/tr\/wp-json\/wp\/v2\/pages\/17438\/revisions\/22117"}],"wp:attachment":[{"href":"https:\/\/bosphorusadvisory.com\/tr\/wp-json\/wp\/v2\/media?parent=17438"}],"curies":[{"name":"wp","href":"https:\/\/api.w.org\/{rel}","templated":true}]}}