{"id":161,"date":"2024-04-16T02:37:57","date_gmt":"2024-04-16T02:37:57","guid":{"rendered":"http:\/\/demo.bravisthemes.com\/herrington\/?page_id=161"},"modified":"2026-04-12T00:29:52","modified_gmt":"2026-04-12T00:29:52","slug":"yurtici-finansal-eslestirme","status":"publish","type":"page","link":"https:\/\/bosphorusadvisory.com\/tr\/yurtici-finansal-eslestirme\/","title":{"rendered":"Yurti\u00e7i Finansal E\u015fle\u015ftirme"},"content":{"rendered":"\t\t<div data-elementor-type=\"wp-page\" data-elementor-id=\"161\" class=\"elementor elementor-161\">\n\t\t\t\t        <section class=\"elementor-section elementor-top-section elementor-element elementor-element-5870dfe elementor-section-full_width elementor-section-stretched elementor-section-height-default elementor-section-height-default pxl-row-scroll-none pxl-zoom-point-false pxl-section-overflow-visible pxl-full-content-with-space-none\" data-id=\"5870dfe\" data-element_type=\"section\" data-settings=\"{&quot;stretch_section&quot;:&quot;section-stretched&quot;}\">\n\n                \n                <div class=\"elementor-container elementor-column-gap-extended \">\n                <div class=\"elementor-column elementor-col-50 elementor-top-column elementor-element elementor-element-8bde85d pxl-column-none pxl-column-overflow-hidden-no\" data-id=\"8bde85d\" data-element_type=\"column\">\r\n        <div class=\"elementor-widget-wrap elementor-element-populated\">\r\n                     \r\n        \t\t<div class=\"elementor-element elementor-element-af468af elementor-widget elementor-widget-pxl_image\" data-id=\"af468af\" data-element_type=\"widget\" data-widget_type=\"pxl_image.default\">\n\t\t\t\t<div class=\"elementor-widget-container\">\n\t\t\t\t\t<div id=\"pxl_image-af468af-7334\" class=\"pxl-image-single block-blur pxl-disable-parallax-sm pxl-hide-sr-lg  \" data-wow-delay=\"ms\"  >\r\n    <div class=\"pxl-item--inner\" data-wow-delay=\"120ms\">\r\n        \r\n                    <div class=\"pxl-item--bg bg-image block-blur\" style=\"background-image: url(https:\/\/bosphorusadvisory.com\/tr\/wp-content\/uploads\/2026\/02\/Adsiz-tasarim-19.jpg);\">\r\n                                    <div class=\"wrap-block\">\r\n                                                    <span class=\"block wow zoomIn\"><\/span>\r\n                            <span class=\"block wow zoomIn\"><\/span>\r\n                                                                                                                    <\/div>\r\n                            <\/div>\r\n                \r\n    <\/div>\r\n<\/div>\t\t\t\t<\/div>\n\t\t\t\t<\/div>\n\t\t            <\/div>\r\n        <\/div>\r\n                <div class=\"elementor-column elementor-col-50 elementor-top-column elementor-element elementor-element-385f079 pxl-column-none pxl-column-overflow-hidden-no\" data-id=\"385f079\" data-element_type=\"column\">\r\n        <div class=\"elementor-widget-wrap elementor-element-populated\">\r\n                     \r\n        \t\t<div class=\"elementor-element elementor-element-f256b79 ft-gt elementor-widget elementor-widget-pxl_heading\" data-id=\"f256b79\" data-element_type=\"widget\" data-widget_type=\"pxl_heading.default\">\n\t\t\t\t<div class=\"elementor-widget-container\">\n\t\t\t\t\t\n<div id=\"pxl-pxl_heading-f256b79-5147\" class=\"pxl-heading px-sub-title-default-style \">\n\t<div class=\"pxl-heading--inner\">\n\t\t\n\t\t<h3 class=\"pxl-item--title style-default  highlight-default pxl-split-text split-in-fade\" data-wow-delay=\"ms\">\n\t\t\t\t\t\t\tYurti\u00e7i Finansal E\u015fle\u015ftirme\t\n\t\t\t\t\n\t\t<\/h3>\n\t\t\n\t<\/div>\n<\/div>\t\t\t\t<\/div>\n\t\t\t\t<\/div>\n\t\t\t\t<div class=\"elementor-element elementor-element-6a9d7aa elementor-widget elementor-widget-pxl_text_editor\" data-id=\"6a9d7aa\" data-element_type=\"widget\" data-widget_type=\"pxl_text_editor.default\">\n\t\t\t\t<div class=\"elementor-widget-container\">\n\t\t\t\t\t<div class=\"pxl-text-editor\">\n\t<div class=\"pxl-item--inner  \" data-wow-delay=\"ms\">\n\t\t<p><span style=\"font-weight: 400\">Yurti\u00e7i finansal e\u015fle\u015ftirme kapsam\u0131nda, a\u015fa\u011f\u0131daki \u00fc\u00e7 faaliyet alan\u0131nda hizmet vermekteyiz:<\/span><\/p><ul><li style=\"font-weight: 400\"><span style=\"font-weight: 400\">\u0130\u015fletmeleri kat\u0131l\u0131m bankalar\u0131yla e\u015fle\u015ftirme,<\/span><\/li><li style=\"font-weight: 400\"><span style=\"font-weight: 400\">\u0130\u015fletmeleri di\u011fer kat\u0131l\u0131m finans kurulu\u015flar\u0131yla e\u015fle\u015ftirme,<\/span><\/li><li style=\"font-weight: 400\"><span style=\"font-weight: 400\">\u0130\u015fletmeleri destek ve te\u015fvik mekanizmalar\u0131yla e\u015fle\u015ftirme.<\/span><\/li><\/ul>\t\t\n\t<\/div>\n<\/div>\t\t\t\t<\/div>\n\t\t\t\t<\/div>\n\t\t            <\/div>\r\n        <\/div>\r\n        \t\t\t<\/div>\n\t\t<\/section>\n\t\t        <section class=\"elementor-section elementor-top-section elementor-element elementor-element-938dd50 elementor-section-stretched elementor-reverse-tablet elementor-reverse-mobile elementor-section-boxed elementor-section-height-default elementor-section-height-default pxl-row-scroll-none pxl-zoom-point-false pxl-section-overflow-visible\" data-id=\"938dd50\" data-element_type=\"section\" data-settings=\"{&quot;stretch_section&quot;:&quot;section-stretched&quot;}\">\n\n                \n                <div class=\"elementor-container elementor-column-gap-extended \">\n                <div class=\"elementor-column elementor-col-50 elementor-top-column elementor-element elementor-element-68b188a pxl-column-none pxl-column-overflow-hidden-no\" data-id=\"68b188a\" data-element_type=\"column\">\r\n        <div class=\"elementor-widget-wrap elementor-element-populated\">\r\n                     \r\n        \t\t<div class=\"elementor-element elementor-element-4cf9acc ft-gt elementor-widget elementor-widget-pxl_heading\" data-id=\"4cf9acc\" data-element_type=\"widget\" data-widget_type=\"pxl_heading.default\">\n\t\t\t\t<div class=\"elementor-widget-container\">\n\t\t\t\t\t\n<div id=\"pxl-pxl_heading-4cf9acc-2709\" class=\"pxl-heading px-sub-title-default-style \">\n\t<div class=\"pxl-heading--inner\">\n\t\t\n\t\t<h3 class=\"pxl-item--title style-default  highlight-default pxl-split-text split-in-fade\" data-wow-delay=\"ms\">\n\t\t\t\t\t\t\t\u0130\u015fletmeleri Kat\u0131l\u0131m Bankalar\u0131yla E\u015fle\u015ftirme\t\n\t\t\t\t\n\t\t<\/h3>\n\t\t\n\t<\/div>\n<\/div>\t\t\t\t<\/div>\n\t\t\t\t<\/div>\n\t\t\t\t<div class=\"elementor-element elementor-element-4173c6b elementor-widget__width-auto elementor-widget elementor-widget-pxl_text_editor\" data-id=\"4173c6b\" data-element_type=\"widget\" data-widget_type=\"pxl_text_editor.default\">\n\t\t\t\t<div class=\"elementor-widget-container\">\n\t\t\t\t\t<div class=\"pxl-text-editor\">\n\t<div class=\"pxl-item--inner  \" data-wow-delay=\"ms\">\n\t\t<p><span style=\"font-weight: 400\">Bu hizmetimiz, \u00f6ncelikle, yeniden yap\u0131land\u0131rma i\u00e7in se\u00e7enekler olu\u015fturmay\u0131, i\u015fletmeler i\u00e7in finansman se\u00e7enekleri (\u00f6rne\u011fin murabaha finansman\u0131, ortakl\u0131k bazl\u0131 finansman, tercihli fon havuzlar\u0131 vb.) geli\u015ftirmeyi ve di\u011fer tamamlay\u0131c\u0131 finansal \u00fcr\u00fcnlerden (kurumsal kredi kartlar\u0131, POS cihazlar\u0131, fintech \u00e7\u00f6z\u00fcmleri) yararlanmay\u0131 i\u00e7ermektedir.<\/span><\/p><p><span style=\"font-weight: 400\">\u0130\u015fletmeleri kat\u0131l\u0131m bankalar\u0131yla e\u015fle\u015ftirmedeki en \u00f6nemli i\u015flevlerimizden biri, bilgi asimetrisini azaltmak ve \u015feffafl\u0131\u011f\u0131 sa\u011flamak i\u00e7in sundu\u011fumuz hizmetlerdir. \u0130\u015fletmeler, \u00f6zellikle teminat eksikli\u011fi gibi \u00e7e\u015fitli nedenlerle kat\u0131l\u0131m bankalar\u0131ndan finansman sa\u011flayamayabilir. Analizlerimiz ve kapsaml\u0131 bilgi setlerimizle, i\u015fletmelerin kat\u0131l\u0131m bankalar\u0131ndan \u00e7e\u015fitli finansal \u00fcr\u00fcnlere eri\u015fimini kolayla\u015ft\u0131r\u0131yoruz. Ayr\u0131ca, yat\u0131r\u0131m yap\u0131labilir i\u015fletmelere finansman ve di\u011fer finansal hizmetler sa\u011flama konusunda da kat\u0131l\u0131m bankalar\u0131na destek sa\u011fl\u0131yoruz. <\/span><\/p>\t\t\n\t<\/div>\n<\/div>\t\t\t\t<\/div>\n\t\t\t\t<\/div>\n\t\t            <\/div>\r\n        <\/div>\r\n                <div class=\"elementor-column elementor-col-50 elementor-top-column elementor-element elementor-element-3e14ad4 pxl-column-none pxl-column-overflow-hidden-no\" data-id=\"3e14ad4\" data-element_type=\"column\">\r\n        <div class=\"elementor-widget-wrap elementor-element-populated\">\r\n                     \r\n        \t\t<div class=\"elementor-element elementor-element-8355ac2 elementor-widget elementor-widget-pxl_image\" data-id=\"8355ac2\" data-element_type=\"widget\" data-widget_type=\"pxl_image.default\">\n\t\t\t\t<div class=\"elementor-widget-container\">\n\t\t\t\t\t<div id=\"pxl_image-8355ac2-3897\" class=\"pxl-image-single df pxl-disable-parallax-sm pxl-hide-sr-lg  wow skewInBottom\" data-wow-delay=\"ms\"  >\r\n    <div class=\"pxl-item--inner\" data-wow-delay=\"120ms\">\r\n        \r\n                    <div class=\"pxl-item--image df\" data-parallax-value=\"\">\r\n                                <img fetchpriority=\"high\" decoding=\"async\" width=\"629\" height=\"650\" src=\"https:\/\/bosphorusadvisory.com\/tr\/wp-content\/uploads\/2026\/02\/Adsiz-tasarim-8.jpg\" class=\"no-lazyload attachment-full\" alt=\"\" \/>                                            <\/div>\r\n                \r\n    <\/div>\r\n<\/div>\t\t\t\t<\/div>\n\t\t\t\t<\/div>\n\t\t            <\/div>\r\n        <\/div>\r\n        \t\t\t<\/div>\n\t\t<\/section>\n\t\t        <section class=\"elementor-section elementor-top-section elementor-element elementor-element-a985a4d elementor-section-stretched elementor-section-boxed elementor-section-height-default elementor-section-height-default pxl-row-scroll-none pxl-zoom-point-false pxl-section-overflow-visible\" data-id=\"a985a4d\" data-element_type=\"section\" data-settings=\"{&quot;stretch_section&quot;:&quot;section-stretched&quot;}\">\n\n                \n                <div class=\"elementor-container elementor-column-gap-extended \">\n                <div class=\"elementor-column elementor-col-50 elementor-top-column elementor-element elementor-element-4a8dc55 pxl-column-none pxl-column-overflow-hidden-no\" data-id=\"4a8dc55\" data-element_type=\"column\">\r\n        <div class=\"elementor-widget-wrap elementor-element-populated\">\r\n                     \r\n        \t\t<div class=\"elementor-element elementor-element-13a0854 elementor-widget elementor-widget-pxl_image\" data-id=\"13a0854\" data-element_type=\"widget\" data-widget_type=\"pxl_image.default\">\n\t\t\t\t<div class=\"elementor-widget-container\">\n\t\t\t\t\t<div id=\"pxl_image-13a0854-7951\" class=\"pxl-image-single df pxl-disable-parallax-sm pxl-hide-sr-lg  wow skewInBottom\" data-wow-delay=\"ms\"  >\r\n    <div class=\"pxl-item--inner\" data-wow-delay=\"120ms\">\r\n        \r\n                    <div class=\"pxl-item--image df\" data-parallax-value=\"\">\r\n                                <img decoding=\"async\" width=\"629\" height=\"650\" src=\"https:\/\/bosphorusadvisory.com\/tr\/wp-content\/uploads\/2026\/02\/Adsiz-tasarim-20.jpg\" class=\"no-lazyload attachment-full\" alt=\"\" \/>                                            <\/div>\r\n                \r\n    <\/div>\r\n<\/div>\t\t\t\t<\/div>\n\t\t\t\t<\/div>\n\t\t            <\/div>\r\n        <\/div>\r\n                <div class=\"elementor-column elementor-col-50 elementor-top-column elementor-element elementor-element-2ec9363 pxl-column-none pxl-column-overflow-hidden-no\" data-id=\"2ec9363\" data-element_type=\"column\">\r\n        <div class=\"elementor-widget-wrap elementor-element-populated\">\r\n                     \r\n        \t\t<div class=\"elementor-element elementor-element-431e218 ft-gt elementor-widget elementor-widget-pxl_heading\" data-id=\"431e218\" data-element_type=\"widget\" data-widget_type=\"pxl_heading.default\">\n\t\t\t\t<div class=\"elementor-widget-container\">\n\t\t\t\t\t\n<div id=\"pxl-pxl_heading-431e218-7655\" class=\"pxl-heading px-sub-title-default-style \">\n\t<div class=\"pxl-heading--inner\">\n\t\t\n\t\t<h3 class=\"pxl-item--title style-default  highlight-default pxl-split-text split-in-fade\" data-wow-delay=\"ms\">\n\t\t\t\t\t\t\t\u0130\u015fletmeleri Di\u011fer Kat\u0131l\u0131m Finans Kurulu\u015flar\u0131yla E\u015fle\u015ftirme\t\n\t\t\t\t\n\t\t<\/h3>\n\t\t\n\t<\/div>\n<\/div>\t\t\t\t<\/div>\n\t\t\t\t<\/div>\n\t\t\t\t<div class=\"elementor-element elementor-element-2fbc983 elementor-widget__width-auto elementor-widget elementor-widget-pxl_text_editor\" data-id=\"2fbc983\" data-element_type=\"widget\" data-widget_type=\"pxl_text_editor.default\">\n\t\t\t\t<div class=\"elementor-widget-container\">\n\t\t\t\t\t<div class=\"pxl-text-editor\">\n\t<div class=\"pxl-item--inner  \" data-wow-delay=\"ms\">\n\t\t<p><span style=\"font-weight: 400\">Alternatif finansman kaynaklar\u0131na yetersiz eri\u015fim ve bu kaynaklara ili\u015fkin d\u00fc\u015f\u00fck fark\u0131ndal\u0131k \u00fclkemizin krediye dayal\u0131 finansal yap\u0131s\u0131n\u0131n olu\u015fmas\u0131nda \u00f6nemli fakt\u00f6rler aras\u0131nda yer almaktad\u0131r. \u00d6te yandan, i\u015fletmeler i\u00e7in optimal bir sermaye yap\u0131s\u0131n\u0131n olu\u015fturulmas\u0131, giri\u015fim sermayesi yat\u0131r\u0131m fonlar\u0131, kitle fonlama platformlar\u0131 ve gayrimenkul yat\u0131r\u0131m ortakl\u0131klar\u0131 gibi sermaye piyasas\u0131 ara\u00e7lar\u0131na eri\u015fimi gerekli k\u0131lmaktad\u0131r. \u00d6zellikle KOB\u0130&#8217;ler, sermaye piyasas\u0131 kurulu\u015flar\u0131 yan\u0131nda di\u011fer banka d\u0131\u015f\u0131 finans kurulu\u015flar\u0131 i\u00e7in de \u00f6nemli bir yat\u0131r\u0131m potansiyeli olu\u015fturmaktad\u0131r.\u00a0<\/span><\/p><p><span style=\"font-weight: 400\">Biz, bir yandan i\u015fletmelerin bu alternatif finansman kaynaklar\u0131na eri\u015fimi i\u00e7in dan\u0131\u015fmanl\u0131k ve rehberlik hizmetleri sunarken, di\u011fer yandan da finansal kurulu\u015flar\u0131n i\u015flem maliyetlerini \u00f6nemli \u00f6l\u00e7\u00fcde azaltarak do\u011fru i\u015fletmelere yat\u0131r\u0131m yapmalar\u0131na yard\u0131mc\u0131 olmada \u00f6nemli bir rol oynuyoruz.<\/span><\/p>\t\t\n\t<\/div>\n<\/div>\t\t\t\t<\/div>\n\t\t\t\t<\/div>\n\t\t            <\/div>\r\n        <\/div>\r\n        \t\t\t<\/div>\n\t\t<\/section>\n\t\t        <section class=\"elementor-section elementor-top-section elementor-element elementor-element-020e8d7 elementor-section-stretched elementor-reverse-tablet elementor-reverse-mobile elementor-section-boxed elementor-section-height-default elementor-section-height-default pxl-row-scroll-none pxl-zoom-point-false pxl-section-overflow-visible\" data-id=\"020e8d7\" data-element_type=\"section\" data-settings=\"{&quot;stretch_section&quot;:&quot;section-stretched&quot;}\">\n\n                \n                <div class=\"elementor-container elementor-column-gap-extended \">\n                <div class=\"elementor-column elementor-col-50 elementor-top-column elementor-element elementor-element-03850c2 pxl-column-none pxl-column-overflow-hidden-no\" data-id=\"03850c2\" data-element_type=\"column\">\r\n        <div class=\"elementor-widget-wrap elementor-element-populated\">\r\n                     \r\n        \t\t<div class=\"elementor-element elementor-element-029d755 ft-gt elementor-widget elementor-widget-pxl_heading\" data-id=\"029d755\" data-element_type=\"widget\" data-widget_type=\"pxl_heading.default\">\n\t\t\t\t<div class=\"elementor-widget-container\">\n\t\t\t\t\t\n<div id=\"pxl-pxl_heading-029d755-3218\" class=\"pxl-heading px-sub-title-default-style \">\n\t<div class=\"pxl-heading--inner\">\n\t\t\n\t\t<h3 class=\"pxl-item--title style-default  highlight-default pxl-split-text split-in-fade\" data-wow-delay=\"ms\">\n\t\t\t\t\t\t\t\u0130\u015fletmeleri Destek ve Te\u015fvik Mekanizmalar\u0131yla E\u015fle\u015ftirme\t\n\t\t\t\t\n\t\t<\/h3>\n\t\t\n\t<\/div>\n<\/div>\t\t\t\t<\/div>\n\t\t\t\t<\/div>\n\t\t\t\t<div class=\"elementor-element elementor-element-9c33ccc elementor-widget__width-auto elementor-widget elementor-widget-pxl_text_editor\" data-id=\"9c33ccc\" data-element_type=\"widget\" data-widget_type=\"pxl_text_editor.default\">\n\t\t\t\t<div class=\"elementor-widget-container\">\n\t\t\t\t\t<div class=\"pxl-text-editor\">\n\t<div class=\"pxl-item--inner  \" data-wow-delay=\"ms\">\n\t\t<p><span style=\"font-weight: 400\">\u00d6zellikle ye\u015fil d\u00f6n\u00fc\u015f\u00fcm ve ESG kriterlerinin kar\u015f\u0131lanmas\u0131na y\u00f6nelik olarak, KOB\u0130&#8217;lere, kamu kurumlar\u0131 (\u00f6rne\u011fin KOSGEB, T\u00dcB\u0130TAK, vb.) ve uluslararas\u0131 kurulu\u015flar\u0131n yerel temsilcileri (\u00f6rne\u011fin IsDB, EBRD, EDB, vb.) arac\u0131l\u0131\u011f\u0131yla \u00f6nemli miktarlarda destek ve te\u015fvik sa\u011flama potansiyeli bulunmaktad\u0131r. Ancak, \u00f6zellikle, mikro ve k\u00fc\u00e7\u00fck \u00f6l\u00e7ekli i\u015fletmelerin destek ve te\u015fvik mekanizmalar\u0131na eri\u015fiminin potansiyelerinin \u00e7ok alt\u0131nda oldu\u011funu g\u00f6zlemlemekteyiz. Bu durumun olu\u015fmas\u0131nda, i\u015fletmelerin destek ve te\u015fvik mekanizmalar\u0131na uygun projeler geli\u015ftirme ve talep edildi\u011fi \u015fekilde ba\u015fvuru yapma yetersizli\u011fi ve i\u015fletme d\u00fczeyinde bu imkanlara ili\u015fkin d\u00fc\u015f\u00fck fark\u0131ndal\u0131k gibi fakt\u00f6rler \u00f6nemli rol oynamaktad\u0131r.\u00a0<\/span><\/p><p><span style=\"font-weight: 400\">Finansal y\u00f6netim s\u00fcrecinin \u00e7\u0131kt\u0131lar\u0131 olan fizibilite ve strateji raporlar\u0131 yard\u0131m\u0131yla, i\u015fletmeleri do\u011fru destek ve te\u015fvik kanallar\u0131na y\u00f6nlendirmek i\u00e7in dan\u0131\u015fmanl\u0131k hizmetleri sunuyoruz.<\/span><\/p>\t\t\n\t<\/div>\n<\/div>\t\t\t\t<\/div>\n\t\t\t\t<\/div>\n\t\t            <\/div>\r\n        <\/div>\r\n                <div class=\"elementor-column elementor-col-50 elementor-top-column elementor-element elementor-element-bac203b pxl-column-none pxl-column-overflow-hidden-no\" data-id=\"bac203b\" data-element_type=\"column\">\r\n        <div class=\"elementor-widget-wrap elementor-element-populated\">\r\n                     \r\n        \t\t<div class=\"elementor-element elementor-element-9bb1613 elementor-widget elementor-widget-pxl_image\" data-id=\"9bb1613\" data-element_type=\"widget\" data-widget_type=\"pxl_image.default\">\n\t\t\t\t<div class=\"elementor-widget-container\">\n\t\t\t\t\t<div id=\"pxl_image-9bb1613-5367\" class=\"pxl-image-single df pxl-disable-parallax-sm pxl-hide-sr-lg  wow skewInBottom\" data-wow-delay=\"ms\"  >\r\n    <div class=\"pxl-item--inner\" data-wow-delay=\"120ms\">\r\n        \r\n                    <div class=\"pxl-item--image df\" data-parallax-value=\"\">\r\n                                <img decoding=\"async\" width=\"629\" height=\"650\" src=\"https:\/\/bosphorusadvisory.com\/tr\/wp-content\/uploads\/2026\/02\/Adsiz-tasarim-21.jpg\" class=\"no-lazyload attachment-full\" alt=\"\" \/>                                            <\/div>\r\n                \r\n    <\/div>\r\n<\/div>\t\t\t\t<\/div>\n\t\t\t\t<\/div>\n\t\t            <\/div>\r\n        <\/div>\r\n        \t\t\t<\/div>\n\t\t<\/section>\n\t\t\t\t<\/div>\n\t\t","protected":false},"excerpt":{"rendered":"<p>Yurti\u00e7i Finansal E\u015fle\u015ftirme Yurti\u00e7i finansal e\u015fle\u015ftirme kapsam\u0131nda, a\u015fa\u011f\u0131daki \u00fc\u00e7 faaliyet alan\u0131nda hizmet vermekteyiz: \u0130\u015fletmeleri kat\u0131l\u0131m bankalar\u0131yla e\u015fle\u015ftirme, \u0130\u015fletmeleri di\u011fer kat\u0131l\u0131m finans kurulu\u015flar\u0131yla e\u015fle\u015ftirme, \u0130\u015fletmeleri destek ve te\u015fvik mekanizmalar\u0131yla e\u015fle\u015ftirme. \u0130\u015fletmeleri Kat\u0131l\u0131m Bankalar\u0131yla E\u015fle\u015ftirme Bu hizmetimiz, \u00f6ncelikle, yeniden yap\u0131land\u0131rma i\u00e7in se\u00e7enekler olu\u015fturmay\u0131, i\u015fletmeler i\u00e7in finansman se\u00e7enekleri (\u00f6rne\u011fin murabaha finansman\u0131, ortakl\u0131k bazl\u0131 finansman, tercihli fon havuzlar\u0131 vb.) [&hellip;]<\/p>\n","protected":false},"author":1,"featured_media":0,"parent":0,"menu_order":0,"comment_status":"closed","ping_status":"closed","template":"","meta":{"footnotes":""},"class_list":["post-161","page","type-page","status-publish","hentry"],"_links":{"self":[{"href":"https:\/\/bosphorusadvisory.com\/tr\/wp-json\/wp\/v2\/pages\/161","targetHints":{"allow":["GET"]}}],"collection":[{"href":"https:\/\/bosphorusadvisory.com\/tr\/wp-json\/wp\/v2\/pages"}],"about":[{"href":"https:\/\/bosphorusadvisory.com\/tr\/wp-json\/wp\/v2\/types\/page"}],"author":[{"embeddable":true,"href":"https:\/\/bosphorusadvisory.com\/tr\/wp-json\/wp\/v2\/users\/1"}],"replies":[{"embeddable":true,"href":"https:\/\/bosphorusadvisory.com\/tr\/wp-json\/wp\/v2\/comments?post=161"}],"version-history":[{"count":95,"href":"https:\/\/bosphorusadvisory.com\/tr\/wp-json\/wp\/v2\/pages\/161\/revisions"}],"predecessor-version":[{"id":22118,"href":"https:\/\/bosphorusadvisory.com\/tr\/wp-json\/wp\/v2\/pages\/161\/revisions\/22118"}],"wp:attachment":[{"href":"https:\/\/bosphorusadvisory.com\/tr\/wp-json\/wp\/v2\/media?parent=161"}],"curies":[{"name":"wp","href":"https:\/\/api.w.org\/{rel}","templated":true}]}}