{"id":12212,"date":"2024-11-01T02:38:17","date_gmt":"2024-11-01T02:38:17","guid":{"rendered":"http:\/\/demo.bravisthemes.com\/herrington\/?page_id=12212"},"modified":"2026-04-12T00:27:53","modified_gmt":"2026-04-12T00:27:53","slug":"yeniden-yapilandirma","status":"publish","type":"page","link":"https:\/\/bosphorusadvisory.com\/tr\/yeniden-yapilandirma\/","title":{"rendered":"Yeniden Yap\u0131land\u0131rma"},"content":{"rendered":"\t\t<div data-elementor-type=\"wp-page\" data-elementor-id=\"12212\" class=\"elementor elementor-12212\">\n\t\t\t\t        <section class=\"elementor-section elementor-top-section elementor-element elementor-element-cdddbe6 elementor-section-full_width elementor-section-stretched elementor-section-height-default elementor-section-height-default pxl-row-scroll-none pxl-zoom-point-false pxl-section-overflow-visible pxl-full-content-with-space-none\" data-id=\"cdddbe6\" data-element_type=\"section\" data-settings=\"{&quot;stretch_section&quot;:&quot;section-stretched&quot;}\">\n\n                \n                <div class=\"elementor-container elementor-column-gap-extended \">\n                <div class=\"elementor-column elementor-col-50 elementor-top-column elementor-element elementor-element-8aced8f pxl-column-none pxl-column-overflow-hidden-no\" data-id=\"8aced8f\" data-element_type=\"column\">\r\n        <div class=\"elementor-widget-wrap elementor-element-populated\">\r\n                     \r\n        \t\t<div class=\"elementor-element elementor-element-b0718e4 elementor-widget elementor-widget-pxl_image\" data-id=\"b0718e4\" data-element_type=\"widget\" data-widget_type=\"pxl_image.default\">\n\t\t\t\t<div class=\"elementor-widget-container\">\n\t\t\t\t\t<div id=\"pxl_image-b0718e4-3337\" class=\"pxl-image-single block-blur pxl-disable-parallax-sm pxl-hide-sr-lg  \" data-wow-delay=\"ms\"  >\r\n    <div class=\"pxl-item--inner\" data-wow-delay=\"120ms\">\r\n        \r\n                    <div class=\"pxl-item--bg bg-image block-blur\" style=\"background-image: url(https:\/\/bosphorusadvisory.com\/tr\/wp-content\/uploads\/2026\/02\/Adsiz-tasarim-1-1.jpg);\">\r\n                                    <div class=\"wrap-block\">\r\n                                                    <span class=\"block wow zoomIn\"><\/span>\r\n                            <span class=\"block wow zoomIn\"><\/span>\r\n                                                                                                                    <\/div>\r\n                            <\/div>\r\n                \r\n    <\/div>\r\n<\/div>\t\t\t\t<\/div>\n\t\t\t\t<\/div>\n\t\t            <\/div>\r\n        <\/div>\r\n                <div class=\"elementor-column elementor-col-50 elementor-top-column elementor-element elementor-element-5ea8774 pxl-column-none pxl-column-overflow-hidden-no\" data-id=\"5ea8774\" data-element_type=\"column\">\r\n        <div class=\"elementor-widget-wrap elementor-element-populated\">\r\n                     \r\n        \t\t<div class=\"elementor-element elementor-element-099a30a elementor-widget elementor-widget-spacer\" data-id=\"099a30a\" data-element_type=\"widget\" data-widget_type=\"spacer.default\">\n\t\t\t\t\t\t\t<div class=\"elementor-spacer\">\n\t\t\t<div class=\"elementor-spacer-inner\"><\/div>\n\t\t<\/div>\n\t\t\t\t\t\t<\/div>\n\t\t\t\t<div class=\"elementor-element elementor-element-e8229f4 ft-gt elementor-widget elementor-widget-pxl_heading\" data-id=\"e8229f4\" data-element_type=\"widget\" data-widget_type=\"pxl_heading.default\">\n\t\t\t\t<div class=\"elementor-widget-container\">\n\t\t\t\t\t\n<div id=\"pxl-pxl_heading-e8229f4-5276\" class=\"pxl-heading px-sub-title-default-style \">\n\t<div class=\"pxl-heading--inner\">\n\t\t\n\t\t<h3 class=\"pxl-item--title style-default  highlight-default pxl-split-text split-in-fade\" data-wow-delay=\"ms\">\n\t\t\t\t\t\t\tYeniden Yap\u0131land\u0131rma\t\n\t\t\t\t\n\t\t<\/h3>\n\t\t\n\t<\/div>\n<\/div>\t\t\t\t<\/div>\n\t\t\t\t<\/div>\n\t\t\t\t<div class=\"elementor-element elementor-element-9113d9d elementor-widget elementor-widget-pxl_text_editor\" data-id=\"9113d9d\" data-element_type=\"widget\" data-widget_type=\"pxl_text_editor.default\">\n\t\t\t\t<div class=\"elementor-widget-container\">\n\t\t\t\t\t<div class=\"pxl-text-editor\">\n\t<div class=\"pxl-item--inner  \" data-wow-delay=\"ms\">\n\t\t<p><span style=\"font-weight: 400\">Yeniden yap\u0131land\u0131rma, i\u015fletmelerin finansal y\u00fck\u00fcml\u00fcl\u00fcklerinin yeniden yap\u0131land\u0131r\u0131lmas\u0131n\u0131 kapsamakta olup kat\u0131l\u0131m esasl\u0131 veya geleneksel bor\u00e7lar\u0131n\u0131 geri \u00f6demekte zorlanan i\u015fletmeler i\u00e7in kolayla\u015ft\u0131r\u0131c\u0131 alternatifler sunmaktad\u0131r.<\/span><\/p><p><span style=\"font-weight: 400\">Yeniden yap\u0131land\u0131rma faaliyeti kapsam\u0131nda a\u015fa\u011f\u0131daki konularda hizmet vermekteyiz:<\/span><\/p><ul><li style=\"font-weight: 400\"><span style=\"font-weight: 400\">\u0130\u015fletmeler ve finansal kurulu\u015flar aras\u0131ndaki bilgi asimetrisini en aza indirmek i\u00e7in arac\u0131l\u0131k hizmetleri sunmak.<\/span><\/li><li style=\"font-weight: 400\"><span style=\"font-weight: 400\">\u0130\u015fletmelerin bor\u00e7 geri \u00f6deme olas\u0131l\u0131\u011f\u0131n\u0131 en \u00fcst d\u00fczeye \u00e7\u0131karmak i\u00e7in \u00f6deme planlar\u0131 haz\u0131rlamak.<\/span><\/li><li style=\"font-weight: 400\"><span style=\"font-weight: 400\">Alternatif finansman kaynaklar\u0131n\u0131 de\u011ferlendirmek, finansal projeksiyonlar haz\u0131rlamak ve yeniden yap\u0131land\u0131rma stratejilerini belirlemek.<\/span><\/li><li style=\"font-weight: 400\"><span style=\"font-weight: 400\">\u0130\u015fletmelerin finansal kurulu\u015flar ve di\u011fer payda\u015flar nezdindeki itibar\u0131n\u0131 korumak i\u00e7in ileti\u015fim stratejileri geli\u015ftirmek.<\/span><\/li><li style=\"font-weight: 400\"><span style=\"font-weight: 400\">Yeniden yap\u0131land\u0131rma s\u00fcreciyle ilgili teknik, hukuki ve b\u00fcrokratik s\u00fcre\u00e7leri y\u00fcr\u00fctmek.<\/span><\/li><\/ul>\t\t\n\t<\/div>\n<\/div>\t\t\t\t<\/div>\n\t\t\t\t<\/div>\n\t\t            <\/div>\r\n        <\/div>\r\n        \t\t\t<\/div>\n\t\t<\/section>\n\t\t\t\t<\/div>\n\t\t","protected":false},"excerpt":{"rendered":"<p>Yeniden Yap\u0131land\u0131rma Yeniden yap\u0131land\u0131rma, i\u015fletmelerin finansal y\u00fck\u00fcml\u00fcl\u00fcklerinin yeniden yap\u0131land\u0131r\u0131lmas\u0131n\u0131 kapsamakta olup kat\u0131l\u0131m esasl\u0131 veya geleneksel bor\u00e7lar\u0131n\u0131 geri \u00f6demekte zorlanan i\u015fletmeler i\u00e7in kolayla\u015ft\u0131r\u0131c\u0131 alternatifler sunmaktad\u0131r. Yeniden yap\u0131land\u0131rma faaliyeti kapsam\u0131nda a\u015fa\u011f\u0131daki konularda hizmet vermekteyiz: \u0130\u015fletmeler ve finansal kurulu\u015flar aras\u0131ndaki bilgi asimetrisini en aza indirmek i\u00e7in arac\u0131l\u0131k hizmetleri sunmak. \u0130\u015fletmelerin bor\u00e7 geri \u00f6deme olas\u0131l\u0131\u011f\u0131n\u0131 en \u00fcst d\u00fczeye \u00e7\u0131karmak [&hellip;]<\/p>\n","protected":false},"author":1,"featured_media":0,"parent":0,"menu_order":0,"comment_status":"closed","ping_status":"closed","template":"","meta":{"footnotes":""},"class_list":["post-12212","page","type-page","status-publish","hentry"],"_links":{"self":[{"href":"https:\/\/bosphorusadvisory.com\/tr\/wp-json\/wp\/v2\/pages\/12212","targetHints":{"allow":["GET"]}}],"collection":[{"href":"https:\/\/bosphorusadvisory.com\/tr\/wp-json\/wp\/v2\/pages"}],"about":[{"href":"https:\/\/bosphorusadvisory.com\/tr\/wp-json\/wp\/v2\/types\/page"}],"author":[{"embeddable":true,"href":"https:\/\/bosphorusadvisory.com\/tr\/wp-json\/wp\/v2\/users\/1"}],"replies":[{"embeddable":true,"href":"https:\/\/bosphorusadvisory.com\/tr\/wp-json\/wp\/v2\/comments?post=12212"}],"version-history":[{"count":53,"href":"https:\/\/bosphorusadvisory.com\/tr\/wp-json\/wp\/v2\/pages\/12212\/revisions"}],"predecessor-version":[{"id":22112,"href":"https:\/\/bosphorusadvisory.com\/tr\/wp-json\/wp\/v2\/pages\/12212\/revisions\/22112"}],"wp:attachment":[{"href":"https:\/\/bosphorusadvisory.com\/tr\/wp-json\/wp\/v2\/media?parent=12212"}],"curies":[{"name":"wp","href":"https:\/\/api.w.org\/{rel}","templated":true}]}}